{"id":738,"date":"2024-11-05T10:54:51","date_gmt":"2024-11-05T09:54:51","guid":{"rendered":"https:\/\/transfer-personal.com\/?page_id=738"},"modified":"2025-04-30T17:03:57","modified_gmt":"2025-04-30T15:03:57","slug":"kontakt","status":"publish","type":"page","link":"https:\/\/transfer-personal.com\/en\/ueber-uns\/kontakt\/","title":{"rendered":"Contact"},"content":{"rendered":"<div class=\"wp-block-group alignfull has-global-padding is-layout-constrained wp-block-group-is-layout-constrained\">\n<div class=\"wp-block-media-text alignfull has-media-on-the-right is-stacked-on-mobile is-image-fill-element has-base-2-background-color has-background\" style=\"margin-top:0;margin-bottom:0;padding-top:0;padding-right:0;padding-bottom:0;padding-left:0\"><div class=\"wp-block-media-text__content\">\n<div class=\"wp-block-group has-global-padding is-content-justification-left is-layout-constrained wp-container-core-group-is-layout-21fe343f wp-block-group-is-layout-constrained\" style=\"padding-top:var(--wp--preset--spacing--40);padding-bottom:var(--wp--preset--spacing--40)\">\n<h1 class=\"wp-block-heading has-accent-2-color has-text-color has-link-color has-x-large-font-size wp-elements-08eadb39f2689e923fcce59fa5864bd5\"><mark style=\"background-color:#E20427\" class=\"has-inline-color has-base-2-color\">We look forward to hearing from you!<\/mark><\/h1>\n\n\n\n<p>Do you have any questions, suggestions or need support?<\/p>\n\n\n\n<p>Our team is always at your disposal!<br>Do not hesitate to contact us - we are here to help you.<\/p>\n<\/div>\n<\/div><figure class=\"wp-block-media-text__media\"><img alt=\"\" loading=\"lazy\" decoding=\"async\" width=\"1024\" height=\"417\" src=\"https:\/\/transfer-personal.com\/wp-content\/uploads\/2025\/04\/Ueber-uns_Kontakt_02-1024x417.jpg\" class=\"wp-image-4922 size-full\" style=\"object-position:100% 0%\" srcset=\"https:\/\/transfer-personal.com\/wp-content\/uploads\/2025\/04\/Ueber-uns_Kontakt_02-1024x417.jpg 1024w, https:\/\/transfer-personal.com\/wp-content\/uploads\/2025\/04\/Ueber-uns_Kontakt_02-300x122.jpg 300w, https:\/\/transfer-personal.com\/wp-content\/uploads\/2025\/04\/Ueber-uns_Kontakt_02-768x313.jpg 768w, https:\/\/transfer-personal.com\/wp-content\/uploads\/2025\/04\/Ueber-uns_Kontakt_02-1536x626.jpg 1536w, https:\/\/transfer-personal.com\/wp-content\/uploads\/2025\/04\/Ueber-uns_Kontakt_02-2048x834.jpg 2048w, https:\/\/transfer-personal.com\/wp-content\/uploads\/2025\/04\/Ueber-uns_Kontakt_02-18x7.jpg 18w, https:\/\/transfer-personal.com\/wp-content\/uploads\/2025\/04\/Ueber-uns_Kontakt_02-380x155.jpg 380w, https:\/\/transfer-personal.com\/wp-content\/uploads\/2025\/04\/Ueber-uns_Kontakt_02-420x171.jpg 420w, https:\/\/transfer-personal.com\/wp-content\/uploads\/2025\/04\/Ueber-uns_Kontakt_02-680x277.jpg 680w, https:\/\/transfer-personal.com\/wp-content\/uploads\/2025\/04\/Ueber-uns_Kontakt_02-980x399.jpg 980w\" sizes=\"auto, (max-width: 1024px) 100vw, 1024px\" \/><\/figure><\/div>\n<\/div>\n\n\n\n<div class=\"wp-block-group alignwide has-base-2-background-color has-background has-global-padding is-layout-constrained wp-container-core-group-is-layout-7185aa6c wp-block-group-is-layout-constrained\" style=\"margin-top:var(--wp--preset--spacing--40);margin-bottom:var(--wp--preset--spacing--40);padding-top:var(--wp--preset--spacing--20);padding-right:var(--wp--preset--spacing--20);padding-bottom:var(--wp--preset--spacing--20);padding-left:var(--wp--preset--spacing--20)\">\n<div class=\"forminator-guttenberg\"><div class=\"forminator-ui forminator-custom-form forminator-custom-form-742 forminator-design--flat  forminator_ajax\" data-forminator-render=\"0\" data-form=\"forminator-module-742\" data-uid=\"69d2799d3da89\"><br\/><\/div><form\n\t\t\t\tid=\"forminator-module-742\"\n\t\t\t\tclass=\"forminator-ui forminator-custom-form forminator-custom-form-742 forminator-design--flat  forminator_ajax\"\n\t\t\t\tmethod=\"post\"\n\t\t\t\tdata-forminator-render=\"0\"\n\t\t\t\tdata-form-id=\"742\"\n\t\t\t\t data-color-option=\"default\" data-design=\"flat\" data-grid=\"open\" style=\"display: none;\"\n\t\t\t\tdata-uid=\"69d2799d3da89\" action=\"\"\n\t\t\t><div role=\"alert\" aria-live=\"polite\" class=\"forminator-response-message forminator-error\" aria-hidden=\"true\"><\/div><div class=\"forminator-row\"><div id=\"name-1\" class=\"forminator-field-name forminator-col forminator-col-12\"><div class=\"forminator-field\"><label for=\"forminator-field-name-1_69d2799d3da89\" id=\"forminator-field-name-1_69d2799d3da89-label\" class=\"forminator-label\">NAME <span class=\"forminator-required\">*<\/span><\/label><input type=\"text\" name=\"name-1\" value=\"\" placeholder=\"\" id=\"forminator-field-name-1_69d2799d3da89\" class=\"forminator-input forminator-name--field\" aria-required=\"true\" autocomplete=\"name\" \/><\/div><\/div><\/div><div class=\"forminator-row\"><div id=\"email-1\" class=\"forminator-field-email forminator-col forminator-col-12\"><div class=\"forminator-field\"><label for=\"forminator-field-email-1_69d2799d3da89\" id=\"forminator-field-email-1_69d2799d3da89-label\" class=\"forminator-label\">EMAIL <span class=\"forminator-required\">*<\/span><\/label><input type=\"email\" name=\"email-1\" value=\"\" placeholder=\"\" id=\"forminator-field-email-1_69d2799d3da89\" class=\"forminator-input forminator-email--field\" data-required=\"true\" aria-required=\"true\" autocomplete=\"email\" \/><\/div><\/div><\/div><div class=\"forminator-row\"><div id=\"phone-1\" class=\"forminator-field-phone forminator-col forminator-col-12\"><div class=\"forminator-field\"><label for=\"forminator-field-phone-1_69d2799d3da89\" id=\"forminator-field-phone-1_69d2799d3da89-label\" class=\"forminator-label\">TEL<\/label><input type=\"text\" name=\"phone-1\" value=\"\" placeholder=\"\" id=\"forminator-field-phone-1_69d2799d3da89\" class=\"forminator-input forminator-field--phone\" data-required=\"\" aria-required=\"false\" autocomplete=\"off\" \/><\/div><\/div><\/div><div class=\"forminator-row\"><div id=\"textarea-1\" class=\"forminator-field-textarea forminator-col forminator-col-12\"><div class=\"forminator-field\"><label for=\"forminator-field-textarea-1_69d2799d3da89\" id=\"forminator-field-textarea-1_69d2799d3da89-label\" class=\"forminator-label\">YOUR MESSAGE<\/label><textarea name=\"textarea-1\" placeholder=\"\" id=\"forminator-field-textarea-1_69d2799d3da89\" class=\"forminator-textarea\" rows=\"6\" style=\"min-height:140px;\" maxlength=\"180\" ><\/textarea><span id=\"forminator-field-textarea-1_69d2799d3da89-description\" class=\"forminator-description\"><span data-limit=\"180\" data-type=\"characters\" data-editor=\"\">0 \/ 180<\/span><\/span><\/div><\/div><\/div><div class=\"forminator-row\"><div id=\"captcha-1\" class=\"forminator-field-captcha forminator-col forminator-col-12\"><div class=\"forminator-captcha-left forminator-g-recaptcha recaptcha-invisible\" data-theme=\"light\" data-badge=\"inline\" data-sitekey=\"6LfsVmorAAAAAJD2-6lNFlxL_b5FhtvNFT1JrZEC\" data-size=\"invisible\"><\/div> <\/div><\/div><div class=\"forminator-row\"><div id=\"consent-1\" class=\"forminator-field-consent forminator-col forminator-col-12\"><div class=\"forminator-field\"><div class=\"forminator-checkbox__wrapper\"><label id=\"forminator-field-consent-1_69d2799d3da89__label\" class=\"forminator-checkbox forminator-consent\" aria-labelledby=\"forminator-field-consent-1_69d2799d3da89-label\" aria-hidden=\"true\"><input type=\"checkbox\" name=\"consent-1\" id=\"forminator-field-consent-1_69d2799d3da89\" value=\"checked\" aria-labelledby=\"forminator-field-consent-1_69d2799d3da89-label\" aria-describedby=\"forminator-field-consent-1_69d2799d3da89__description\" data-required=\"true\" aria-required=\"true\" \/><span class=\"forminator-checkbox-box\" aria-hidden=\"true\"><\/span><\/label><div id=\"forminator-field-consent-1_69d2799d3da89__description\" class=\"forminator-checkbox__label forminator-consent__label\"><p>I agree that my details may be used to answer the request. The <a rel=\"noopener\" target=\"_blank\" href=\"\/en\/datenschutz\/\" title=\"General Data Protection Regulation\">General Data Protection Regulation<\/a> have been read and understood.<\/p><\/div><\/div><\/div><\/div><\/div><input type=\"hidden\" name=\"referer_url\" value=\"\" \/><div class=\"forminator-row forminator-row-last\"><div class=\"forminator-col\"><div class=\"forminator-field\"><button class=\"forminator-button forminator-button-submit\">SEND<\/button><\/div><\/div><\/div><input type=\"hidden\" id=\"forminator_nonce\" name=\"forminator_nonce\" value=\"4c0a667c30\" \/><input type=\"hidden\" name=\"_wp_http_referer\" value=\"\/en\/wp-json\/wp\/v2\/pages\/738\" \/><input type=\"hidden\" name=\"form_id\" value=\"742\"><input type=\"hidden\" name=\"page_id\" value=\"738\"><input type=\"hidden\" name=\"form_type\" value=\"default\"><input type=\"hidden\" name=\"current_url\" value=\"https:\/\/transfer-personal.com\/en\/ueber-uns\/kontakt\/\"><input type=\"hidden\" name=\"render_id\" value=\"0\"><input type=\"hidden\" name=\"action\" value=\"forminator_submit_form_custom-forms\"><label for=\"input_6\" class=\"forminator-hidden\" aria-hidden=\"true\">Please do not fill in this field. <input id=\"input_6\" type=\"text\" name=\"input_6\" value=\"\" autocomplete=\"off\"><\/label><input type=\"hidden\" name=\"trp-form-language\" value=\"en\"\/><\/form><\/div>\n<\/div>","protected":false},"excerpt":{"rendered":"<p>Wir freuen uns auf Ihre Nachricht! Haben Sie Fragen, Anregungen oder ben\u00f6tigen Sie Unterst\u00fctzung? Unser Team steht Ihnen jederzeit zur Verf\u00fcgung!Z\u00f6gern Sie nicht, uns zu kontaktieren \u2013 wir sind hier, um Ihnen zu helfen.<\/p>","protected":false},"author":3,"featured_media":0,"parent":565,"menu_order":0,"comment_status":"closed","ping_status":"closed","template":"","meta":{"_acf_changed":false,"_seopress_robots_primary_cat":"","_seopress_titles_title":"","_seopress_titles_desc":"","_seopress_robots_index":"","footnotes":""},"class_list":["post-738","page","type-page","status-publish","hentry"],"acf":[],"_links":{"self":[{"href":"https:\/\/transfer-personal.com\/en\/wp-json\/wp\/v2\/pages\/738","targetHints":{"allow":["GET"]}}],"collection":[{"href":"https:\/\/transfer-personal.com\/en\/wp-json\/wp\/v2\/pages"}],"about":[{"href":"https:\/\/transfer-personal.com\/en\/wp-json\/wp\/v2\/types\/page"}],"author":[{"embeddable":true,"href":"https:\/\/transfer-personal.com\/en\/wp-json\/wp\/v2\/users\/3"}],"replies":[{"embeddable":true,"href":"https:\/\/transfer-personal.com\/en\/wp-json\/wp\/v2\/comments?post=738"}],"version-history":[{"count":23,"href":"https:\/\/transfer-personal.com\/en\/wp-json\/wp\/v2\/pages\/738\/revisions"}],"predecessor-version":[{"id":4923,"href":"https:\/\/transfer-personal.com\/en\/wp-json\/wp\/v2\/pages\/738\/revisions\/4923"}],"up":[{"embeddable":true,"href":"https:\/\/transfer-personal.com\/en\/wp-json\/wp\/v2\/pages\/565"}],"wp:attachment":[{"href":"https:\/\/transfer-personal.com\/en\/wp-json\/wp\/v2\/media?parent=738"}],"curies":[{"name":"wp","href":"https:\/\/api.w.org\/{rel}","templated":true}]}}