{"id":726,"date":"2024-11-05T10:07:44","date_gmt":"2024-11-05T09:07:44","guid":{"rendered":"https:\/\/transfer-personal.com\/?page_id=726"},"modified":"2025-05-05T13:00:45","modified_gmt":"2025-05-05T11:00:45","slug":"darum-transfer","status":"publish","type":"page","link":"https:\/\/transfer-personal.com\/en\/darum-transfer\/","title":{"rendered":"Why TRANSFER"},"content":{"rendered":"<div class=\"wp-block-group alignfull has-base-2-background-color has-background has-global-padding is-layout-constrained wp-block-group-is-layout-constrained\" style=\"margin-top:0;margin-bottom:0;padding-top:var(--wp--preset--spacing--10);padding-bottom:var(--wp--preset--spacing--10)\">\n<div class=\"wp-block-columns alignwide is-layout-flex wp-container-core-columns-is-layout-7d11ce30 wp-block-columns-is-layout-flex\" style=\"margin-top:var(--wp--preset--spacing--40);margin-bottom:var(--wp--preset--spacing--40)\">\n<div class=\"wp-block-column is-layout-flow wp-block-column-is-layout-flow\" style=\"flex-basis:66.66%\">\n<h1 class=\"wp-block-heading has-accent-2-color has-text-color has-link-color has-x-large-font-size wp-elements-980950169858746378449470cf6d6fad\"><mark style=\"background-color:#E20427\" class=\"has-inline-color has-base-2-color\">Worrying about staff? That was yesterday. <br> Today, there's TRANSFER.<\/mark><\/h1>\n\n\n\n<div style=\"height:1em\" aria-hidden=\"true\" class=\"wp-block-spacer\"><\/div>\n\n\n\n<h3 class=\"wp-block-heading has-accent-2-color has-text-color has-link-color wp-elements-9c57bed93df182a2c501c7da2460fbd7\"><strong>Why you can trust TRANSFER.<\/strong><\/h3>\n\n\n\n<p>Not only because we have been working in human resources for over 30 years. But above all because we place the support of our customers exclusively in competent hands. So you can be sure that we will provide you with reliable support in all personnel matters - with an eager passion, a comprehensive portfolio of services, an international focus and much more. TRANSFER's special expertise is confirmed by numerous certifications - for example high customer satisfaction and sustainable value orientation.<\/p>\n\n\n\n<div style=\"height:18px\" aria-hidden=\"true\" class=\"wp-block-spacer\"><\/div>\n\n\n\n<h3 class=\"wp-block-heading has-accent-2-color has-text-color has-link-color wp-elements-360f7571f9e61089b0110b4c365409d3\"><strong>What does TRANSFER offer you exactly?<\/strong><\/h3>\n\n\n\n<p>Industry expertise meets maximum commitment: We are known as the fastest and most committed personnel partner and are also available for you up to 24 hours a day.<\/p>\n\n\n\n<p>Your advantages: You have immediately suitable staff who want to work with you together on your success.<\/p>\n\n\n\n<div style=\"height:18px\" aria-hidden=\"true\" class=\"wp-block-spacer\"><\/div>\n\n\n\n<h3 class=\"wp-block-heading has-accent-2-color has-text-color has-link-color wp-elements-373a3c9cd5c35897ad93fc83a58774a3\"><strong>An offer for all Occasions<\/strong>.<\/h3>\n\n\n\n<p>Responding flexibly to fluctuating performance requirements is the challenge for all future-oriented companies. Our portfolio of services responds to the requirements of the modern working world by offering you both TEMPORARY WORK products, from PAYROLL SERVICES to ON-SITE MANAGEMENT, as well as classic PERSONNEL HIRING.<\/p>\n\n\n\n<p>Your benefits: We work with you to develop the ideal business management solution for your company.<\/p>\n\n\n\n<div style=\"height:18px\" aria-hidden=\"true\" class=\"wp-block-spacer\"><\/div>\n\n\n\n<h3 class=\"wp-block-heading has-accent-2-color has-text-color has-link-color wp-elements-49722a0f8000750718046d474d798b29\"><strong>Our staff are highly motivated.<\/strong><\/h3>\n\n\n\n<p>This is because we employ people, not staff. Values such as the safety, health and development of our employees are important to us!<\/p>\n\n\n\n<p>Your benefits: People with the right profession, work ethic and passion for your company.<\/p>\n\n\n\n<div style=\"height:18px\" aria-hidden=\"true\" class=\"wp-block-spacer\"><\/div>\n\n\n\n<h3 class=\"wp-block-heading has-accent-2-color has-text-color has-link-color wp-elements-b3522eff862fbaa29c5dc9b8cfbf2441\"><strong>We also support you internationally.<\/strong><\/h3>\n\n\n\n<p>With offices everywhere in Austria, Slovakia, Hungary and the Czech Republic.<\/p>\n\n\n\n<p>Your benefits: A contact person for all personnel matters is close to you.<\/p>\n\n\n\n<div style=\"height:18px\" aria-hidden=\"true\" class=\"wp-block-spacer\"><\/div>\n\n\n\n<h3 class=\"wp-block-heading has-accent-2-color has-text-color has-link-color wp-elements-a08195b1351cbe340bcdd89f0a4c3a80\"><strong>A strong workforce.<\/strong><\/h3>\n\n\n\n<p>For the INDUSTRIAL SECTOR aswell as all the TRADES, CRAFT, CONSTRUCTION, COMMERCE \/ RETAIL, OFFICE, FINANCE, SALES, AUTOMOTIVE, TECHNICS, IT, MEDICINE and HOSPITALITY sectors.<\/p>\n\n\n\n<p>Your benefits: Qualified specialists are on call for you.<\/p>\n<\/div>\n\n\n\n<div class=\"wp-block-column is-layout-flow wp-block-column-is-layout-flow\" style=\"flex-basis:33.33%\">\n<figure class=\"wp-block-image size-full\"><img alt=\"\" loading=\"lazy\" decoding=\"async\" width=\"1707\" height=\"2560\" src=\"https:\/\/transfer-personal.com\/wp-content\/uploads\/2025\/04\/shocked-excited-group-friends-standing-isolated_2-scaled.jpg\" class=\"wp-image-4566\" style=\"object-fit:cover\" srcset=\"https:\/\/transfer-personal.com\/wp-content\/uploads\/2025\/04\/shocked-excited-group-friends-standing-isolated_2-scaled.jpg 1707w, https:\/\/transfer-personal.com\/wp-content\/uploads\/2025\/04\/shocked-excited-group-friends-standing-isolated_2-200x300.jpg 200w, https:\/\/transfer-personal.com\/wp-content\/uploads\/2025\/04\/shocked-excited-group-friends-standing-isolated_2-683x1024.jpg 683w, https:\/\/transfer-personal.com\/wp-content\/uploads\/2025\/04\/shocked-excited-group-friends-standing-isolated_2-768x1152.jpg 768w, https:\/\/transfer-personal.com\/wp-content\/uploads\/2025\/04\/shocked-excited-group-friends-standing-isolated_2-1024x1536.jpg 1024w, https:\/\/transfer-personal.com\/wp-content\/uploads\/2025\/04\/shocked-excited-group-friends-standing-isolated_2-1365x2048.jpg 1365w, https:\/\/transfer-personal.com\/wp-content\/uploads\/2025\/04\/shocked-excited-group-friends-standing-isolated_2-8x12.jpg 8w, https:\/\/transfer-personal.com\/wp-content\/uploads\/2025\/04\/shocked-excited-group-friends-standing-isolated_2-380x570.jpg 380w, https:\/\/transfer-personal.com\/wp-content\/uploads\/2025\/04\/shocked-excited-group-friends-standing-isolated_2-420x630.jpg 420w, https:\/\/transfer-personal.com\/wp-content\/uploads\/2025\/04\/shocked-excited-group-friends-standing-isolated_2-680x1020.jpg 680w, https:\/\/transfer-personal.com\/wp-content\/uploads\/2025\/04\/shocked-excited-group-friends-standing-isolated_2-980x1470.jpg 980w\" sizes=\"auto, (max-width: 1707px) 100vw, 1707px\" \/><\/figure>\n\n\n\n<div class=\"wp-block-group alignfull has-base-4-background-color has-background is-vertical is-content-justification-left is-layout-flex wp-container-core-group-is-layout-905d3ee1 wp-block-group-is-layout-flex\" style=\"padding-top:var(--wp--preset--spacing--10);padding-right:var(--wp--preset--spacing--20);padding-bottom:var(--wp--preset--spacing--10);padding-left:var(--wp--preset--spacing--20)\">\n<div class=\"wp-block-group is-nowrap is-layout-flex wp-container-core-group-is-layout-6c531013 wp-block-group-is-layout-flex\">\n<figure class=\"wp-block-image size-full is-resized wp-duotone-unset-1\"><img alt=\"\" decoding=\"async\" src=\"https:\/\/transfer-personal.com\/wp-content\/uploads\/2024\/08\/pdf-svgrepo-com-1.svg\" class=\"wp-image-279\" style=\"width:26px\"\/><\/figure>\n\n\n\n<p class=\"has-small-font-size\"><a href=\"https:\/\/transfer-personal.com\/wp-content\/uploads\/2025\/04\/TRANSFER_Folder_2020.pdf\" data-type=\"link\" data-id=\"https:\/\/transfer-personal.com\/wp-content\/uploads\/2025\/04\/TRANSFER_Folder_2020.pdf\">Unternehmensbrosch\u00fcre<\/a><\/p>\n<\/div>\n<\/div>\n<\/div>\n<\/div>\n<\/div>\n\n\n\n<div class=\"wp-block-group alignfull has-base-2-background-color has-background has-global-padding is-layout-constrained wp-block-group-is-layout-constrained\" style=\"margin-top:0;margin-bottom:0;padding-top:var(--wp--preset--spacing--30);padding-bottom:var(--wp--preset--spacing--30)\">\n<div class=\"wp-block-group alignwide is-layout-grid wp-container-core-group-is-layout-eecfc9ee wp-block-group-is-layout-grid\">\n<div class=\"wp-block-group has-base-background-color has-background wp-container-content-90f760f5 has-global-padding is-layout-constrained wp-container-core-group-is-layout-754b99ff wp-block-group-is-layout-constrained\" style=\"margin-top:0;margin-bottom:0;padding-top:var(--wp--preset--spacing--40);padding-right:var(--wp--preset--spacing--40);padding-bottom:var(--wp--preset--spacing--40);padding-left:var(--wp--preset--spacing--40)\">\n<p class=\"has-contrast-2-color has-text-color has-link-color has-x-large-font-size wp-elements-c3cc03051a58c1e23bf79bc7f637f960\"><strong>In need of staff?<br>We are here for you!<\/strong><\/p>\n\n\n\n<p>In need of personnel or for further                                                                                                             <br>information and questions we are at <br>your disposal:<\/p>\n\n\n\n<div class=\"wp-block-buttons is-layout-flex wp-block-buttons-is-layout-flex\" style=\"margin-top:var(--wp--preset--spacing--30)\">\n<div class=\"wp-block-button\"><a class=\"wp-block-button__link has-accent-background-color has-background wp-element-button\" href=\"https:\/\/transfer-personal.com\/en\/personal-anfordern\/\">Request personnel<\/a><\/div>\n<\/div>\n<\/div>\n\n\n\n<div class=\"wp-block-group has-base-color has-contrast-2-background-color has-text-color has-background has-link-color wp-elements-9b8cdabf90c17b380c211a9c64f27ea0 wp-container-content-90f760f5 is-vertical is-layout-flex wp-container-core-group-is-layout-ade5d6f4 wp-block-group-is-layout-flex\" style=\"margin-top:0;margin-bottom:0;padding-top:var(--wp--preset--spacing--40);padding-right:var(--wp--preset--spacing--40);padding-bottom:var(--wp--preset--spacing--40);padding-left:var(--wp--preset--spacing--40)\">\n<p class=\"has-medium-font-size\">We are happy to answer any questions in advance -<br>about our offer, the next steps<br>or the costs.<\/p>\n\n\n\n<div class=\"wp-block-group has-global-padding is-layout-constrained wp-container-core-group-is-layout-19e250f3 wp-block-group-is-layout-constrained\">\n<p class=\"has-small-font-size\"><strong>TEL<\/strong><\/p>\n\n\n\n<div class=\"wp-block-group is-layout-flex wp-block-group-is-layout-flex\">\n<p class=\"has-x-large-font-size\"><a href=\"tel:066488\">0810 100 700<\/a><\/p>\n\n\n\n<p class=\"has-text-color has-link-color wp-elements-c0b73baf999784490c035df1e5cda511\" style=\"color:#cbcaca\">0.07\u20ac\/Min<\/p>\n<\/div>\n<\/div>\n\n\n\n<div class=\"wp-block-group has-global-padding is-layout-constrained wp-container-core-group-is-layout-19e250f3 wp-block-group-is-layout-constrained\">\n<p class=\"has-small-font-size\"><strong>E-MAIL<\/strong><\/p>\n\n\n\n<p class=\"has-x-large-font-size\"><a href=\"mailto:office@transfer.co.at\">office@transfer.co.at<\/a><\/p>\n<\/div>\n<\/div>\n<\/div>\n<\/div>","protected":false},"excerpt":{"rendered":"<p>Personalsorgen waren gestern TRANSFER Personalmanagement ist heute. Warum Sie TRANSFER vertrauen k\u00f6nnen. Nicht nur, weil wir seit \u00fcber 30 Jahren im Personalwesen t\u00e4tig sind. Sondern vor allem auch, weil wir die Betreuung unserer Kunden ausschlie\u00dflich in kompetente H\u00e4nde legen. So k\u00f6nnen Sie sicher sein, dass wir Sie in allen Personalfragen zuverl\u00e4ssig unterst\u00fctzen \u2013 mit besonderer [&hellip;]<\/p>","protected":false},"author":3,"featured_media":0,"parent":0,"menu_order":0,"comment_status":"closed","ping_status":"closed","template":"","meta":{"_acf_changed":false,"_seopress_robots_primary_cat":"","_seopress_titles_title":"","_seopress_titles_desc":"","_seopress_robots_index":"","footnotes":""},"class_list":["post-726","page","type-page","status-publish","hentry"],"acf":[],"_links":{"self":[{"href":"https:\/\/transfer-personal.com\/en\/wp-json\/wp\/v2\/pages\/726","targetHints":{"allow":["GET"]}}],"collection":[{"href":"https:\/\/transfer-personal.com\/en\/wp-json\/wp\/v2\/pages"}],"about":[{"href":"https:\/\/transfer-personal.com\/en\/wp-json\/wp\/v2\/types\/page"}],"author":[{"embeddable":true,"href":"https:\/\/transfer-personal.com\/en\/wp-json\/wp\/v2\/users\/3"}],"replies":[{"embeddable":true,"href":"https:\/\/transfer-personal.com\/en\/wp-json\/wp\/v2\/comments?post=726"}],"version-history":[{"count":13,"href":"https:\/\/transfer-personal.com\/en\/wp-json\/wp\/v2\/pages\/726\/revisions"}],"predecessor-version":[{"id":4989,"href":"https:\/\/transfer-personal.com\/en\/wp-json\/wp\/v2\/pages\/726\/revisions\/4989"}],"wp:attachment":[{"href":"https:\/\/transfer-personal.com\/en\/wp-json\/wp\/v2\/media?parent=726"}],"curies":[{"name":"wp","href":"https:\/\/api.w.org\/{rel}","templated":true}]}}