{"id":565,"date":"2024-10-23T11:05:09","date_gmt":"2024-10-23T09:05:09","guid":{"rendered":"https:\/\/transfer-personal.com\/?page_id=565"},"modified":"2025-04-11T12:21:56","modified_gmt":"2025-04-11T10:21:56","slug":"ueber-uns","status":"publish","type":"page","link":"https:\/\/transfer-personal.com\/en\/ueber-uns\/","title":{"rendered":"About Us"},"content":{"rendered":"<div class=\"wp-block-group alignfull has-global-padding is-layout-constrained wp-block-group-is-layout-constrained\">\n<div class=\"wp-block-media-text alignfull has-media-on-the-right is-stacked-on-mobile has-base-2-background-color has-background\" style=\"margin-top:0;margin-bottom:0;padding-top:0;padding-right:0;padding-bottom:0;padding-left:0\"><div class=\"wp-block-media-text__content\">\n<h1 class=\"wp-block-heading has-accent-2-color has-text-color has-link-color has-x-large-font-size wp-elements-d84cbed6194a98e4fce4ba7e6c1ca942\"><mark style=\"background-color:#E20427\" class=\"has-inline-color has-base-2-color\">We are TRANSFER<\/mark><\/h1>\n\n\n\n<p>More than personnel management\u2013 we connect talent with opportunities and shape the future for companies.<\/p>\n\n\n\n<p>Having grown since 1994 and now operating internationally, we stand for consistency, responsibility and innovation.<\/p>\n\n\n\n<p>With our academy, the highest quality standards and strong social commitment, we move people and the world of tomorrow.<\/p>\n<\/div><figure class=\"wp-block-media-text__media\"><img alt=\"\" decoding=\"async\" src=\"https:\/\/transfer-personal.com\/wp-content\/uploads\/2024\/08\/elegant-businesswoman-standing-office-with-digital-tablet-scaled.jpg\" class=\"wp-image-79 size-full\"\/><\/figure><\/div>\n<\/div>\n\n\n\n<div class=\"wp-block-group alignfull has-global-padding is-layout-constrained wp-block-group-is-layout-constrained\" style=\"margin-top:var(--wp--preset--spacing--40);margin-bottom:var(--wp--preset--spacing--40)\">\n<div class=\"wp-block-group alignwide has-global-padding is-content-justification-left is-layout-constrained wp-container-core-group-is-layout-12dd3699 wp-block-group-is-layout-constrained\">\n<h2 class=\"wp-block-heading has-accent-2-color has-text-color has-link-color has-x-large-font-size wp-elements-b5899fd203a86a8ddf51b2bdb7af4b84\"><mark style=\"background-color:#E20427\" class=\"has-inline-color has-base-2-color\">Because we love what we do!<\/mark><\/h2>\n\n\n\n<div style=\"height:1em\" aria-hidden=\"true\" class=\"wp-block-spacer\"><\/div>\n<\/div>\n\n\n\n<div class=\"wp-block-columns alignwide is-layout-flex wp-container-core-columns-is-layout-ea69a204 wp-block-columns-is-layout-flex\">\n<div class=\"wp-block-column has-base-2-background-color has-background is-layout-flow wp-block-column-is-layout-flow\" style=\"padding-top:var(--wp--preset--spacing--30);padding-right:var(--wp--preset--spacing--30);padding-bottom:var(--wp--preset--spacing--30);padding-left:var(--wp--preset--spacing--30)\">\n<h3 class=\"wp-block-heading has-accent-2-color has-text-color has-link-color wp-elements-b20e87a081daee370ee5a165d178c135\">Our Positioning<\/h3>\n\n\n\n<p>Because our specialists achieve the highest customer satisfaction.<\/p>\n\n\n\n<p>Thanks to our industry specialization, we are perfectly adapted to the specific requirements of each customer, since every company and every industry has its own needs. Certification in ISO 9001:2015 and SCP:2011 ensures quality and safety for both staff and customers.<\/p>\n<\/div>\n\n\n\n<div class=\"wp-block-column has-base-2-background-color has-background is-layout-flow wp-block-column-is-layout-flow\" style=\"padding-top:var(--wp--preset--spacing--30);padding-right:var(--wp--preset--spacing--30);padding-bottom:var(--wp--preset--spacing--30);padding-left:var(--wp--preset--spacing--30)\">\n<h3 class=\"wp-block-heading has-accent-2-color has-text-color has-link-color wp-elements-3bbb6cbce294e46425e622c006fa2374\">Our Mission<\/h3>\n\n\n\n<p>Connecting people.<\/p>\n\n\n\n<p>Through innovative and customized personnel solutions, we increase the competitiveness of our customers on the one hand and increase the employment opportunities of people looking for work on the other. In this way, we make a contribution to improving our society.<\/p>\n<\/div>\n<\/div>\n\n\n\n<div class=\"wp-block-columns alignwide is-layout-flex wp-container-core-columns-is-layout-fdbb10c5 wp-block-columns-is-layout-flex\" style=\"margin-top:var(--wp--preset--spacing--20);margin-bottom:var(--wp--preset--spacing--20)\">\n<div class=\"wp-block-column has-base-2-background-color has-background is-layout-flow wp-block-column-is-layout-flow\" style=\"padding-top:var(--wp--preset--spacing--30);padding-right:var(--wp--preset--spacing--30);padding-bottom:var(--wp--preset--spacing--30);padding-left:var(--wp--preset--spacing--30)\">\n<h3 class=\"wp-block-heading has-accent-2-color has-text-color has-link-color wp-elements-7e800868f3e3514be972ddf3d5e9e8b4\">Our Vision<\/h3>\n\n\n\n<p>The Number 1 in Austria<\/p>\n\n\n\n<p>Our specialization in personnel management makes us one of the most innovative and important employers in Austria.<\/p>\n<\/div>\n\n\n\n<div class=\"wp-block-column has-base-2-background-color has-background is-layout-flow wp-block-column-is-layout-flow\" style=\"padding-top:var(--wp--preset--spacing--30);padding-right:var(--wp--preset--spacing--30);padding-bottom:var(--wp--preset--spacing--30);padding-left:var(--wp--preset--spacing--30)\">\n<h3 class=\"wp-block-heading has-accent-2-color has-text-color has-link-color wp-elements-8551e5e2b4a1b31cfe8416a30858ad6c\">Our Mission Statement<\/h3>\n\n\n\n<p>We work with passion and dedication for your success.<\/p>\n\n\n\n<p>Because we love what we do. In our specially created TRANSFER Academy, we not only train the professional skills of all employees, but also emphasize the social responsibility we take on every day \u2014 by matching our customers' needs with the talents and abilities of our staff.<\/p>\n<\/div>\n<\/div>\n<\/div>\n\n\n\n<div class=\"wp-block-group alignfull has-base-2-background-color has-background has-global-padding is-content-justification-center is-layout-constrained wp-block-group-is-layout-constrained\" style=\"padding-top:var(--wp--preset--spacing--40);padding-bottom:var(--wp--preset--spacing--40)\">\n<div class=\"wp-block-group alignwide has-global-padding is-content-justification-left is-layout-constrained wp-container-core-group-is-layout-12dd3699 wp-block-group-is-layout-constrained\">\n<h2 class=\"wp-block-heading has-accent-2-color has-text-color has-link-color has-x-large-font-size wp-elements-09fafbc476a702430c424a64e6c5a877\"><mark style=\"background-color:#E20427\" class=\"has-inline-color has-base-2-color\">Company History<\/mark><\/h2>\n<\/div>\n\n\n\n<div style=\"height:2em\" aria-hidden=\"true\" class=\"wp-block-spacer\"><\/div>\n\n\n<div class=\"alignwide wp-block-create-block-timeline-block\"><div class=\"wp-block-create-block-timeline-block__wrapper\"><div class=\"timeline-item timeline-left\"><div class=\"timeline-date\">1994<\/div><div class=\"timeline-text\"><h3>Founding<\/h3><p>TRANSFER was founded in Vienna in 1994 as an owner-managed company and remains 100% privately \ud83c\udde6\ud83c\uddf9 owned in Austria to this day.<\/p><\/div><\/div><div class=\"timeline-item timeline-right\"><div class=\"timeline-date\">1999<\/div><div class=\"timeline-text\"><h3>Active in Austria<\/h3><p>Since expanding in 1999, we now operate more than 20 job centers across Austria.<\/p><\/div><\/div><div class=\"timeline-item timeline-left\"><div class=\"timeline-date\">2001<\/div><div class=\"timeline-text\"><h3>Professional Development<\/h3><p>With the founding of an own academy, TRANSFER has made a clear commitment to the continuous training and development of its in-house personnel managers.<\/p><\/div><\/div><div class=\"timeline-item timeline-right\"><div class=\"timeline-date\">2003<\/div><div class=\"timeline-text\"><h3>Certification<\/h3><p>Certifications in ISO 9001:2015 and SCP:2011 ensure quality and security for both employees and clients.<\/p><\/div><\/div><div class=\"timeline-item timeline-left\"><div class=\"timeline-date\">2011<\/div><div class=\"timeline-text\"><h3>International Expansion<\/h3><p>Since 2011, TRANSFER has also been operating internationally and has become one of the most successful staffing providers in the CEE region.<\/p><\/div><\/div><div class=\"timeline-item timeline-right\"><div class=\"timeline-date\">2020<\/div><div class=\"timeline-text\"><h3>International Talent Placement<\/h3><p>Recruitment of skilled professionals from around the world, along with full support in obtaining the necessary work permits.<\/p><\/div><\/div><\/div><\/div><\/div>\n\n\n\n<div class=\"wp-block-group alignfull has-global-padding is-content-justification-center is-layout-constrained wp-block-group-is-layout-constrained\" style=\"padding-top:var(--wp--preset--spacing--40);padding-bottom:var(--wp--preset--spacing--40)\">\n<div class=\"wp-block-group alignwide has-global-padding is-content-justification-left is-layout-constrained wp-container-core-group-is-layout-12dd3699 wp-block-group-is-layout-constrained\">\n<h2 class=\"wp-block-heading has-accent-2-color has-text-color has-link-color wp-elements-330587a9f5c27863f748d5cd43d36ca4\"><mark style=\"background-color:#E20427\" class=\"has-inline-color has-base-2-color\">Social Responsibility \u2013 Lived Every Day<\/mark><\/h2>\n\n\n\n<p>TRANSFER\u2019s company philosophy goes beyond business success \u2014 meaning not only providing the best possible job placements at fair conditions for both employees and employers. TRANSFER also embraces its social responsibility, both internally and externally. This includes caring for the safety, health, and ongoing development of our staff.<\/p>\n\n\n\n<div class=\"wp-block-group has-global-padding is-layout-constrained wp-block-group-is-layout-constrained\" style=\"margin-top:var(--wp--preset--spacing--30);margin-bottom:var(--wp--preset--spacing--30)\">\n<figure class=\"wp-block-image size-full\"><img alt=\"\" loading=\"lazy\" decoding=\"async\" width=\"536\" height=\"152\" src=\"https:\/\/transfer-personal.com\/wp-content\/uploads\/2024\/10\/Gruppe-289.png\" class=\"wp-image-631\" srcset=\"https:\/\/transfer-personal.com\/wp-content\/uploads\/2024\/10\/Gruppe-289.png 536w, https:\/\/transfer-personal.com\/wp-content\/uploads\/2024\/10\/Gruppe-289-300x85.png 300w, https:\/\/transfer-personal.com\/wp-content\/uploads\/2024\/10\/Gruppe-289-18x5.png 18w, https:\/\/transfer-personal.com\/wp-content\/uploads\/2024\/10\/Gruppe-289-380x108.png 380w, https:\/\/transfer-personal.com\/wp-content\/uploads\/2024\/10\/Gruppe-289-420x119.png 420w\" sizes=\"auto, (max-width: 536px) 100vw, 536px\" \/><\/figure>\n<\/div>\n\n\n\n<p>This commitment to values, lived every day, has been officially recognized through our SPC certification.\nWe have also been supporting St. Anna Children's Hospital in Vienna for many years. Founded in 1837, it has become one of Europe\u2019s leading institutions for the treatment of children with cancer. This shows that entrepreneurial thinking not only leads to success \u2013 but also brings joy.<\/p>\n<\/div>\n<\/div>\n\n\n\n<div class=\"wp-block-group alignfull has-base-2-background-color has-background has-global-padding is-layout-constrained wp-block-group-is-layout-constrained\" style=\"padding-top:var(--wp--preset--spacing--40);padding-bottom:var(--wp--preset--spacing--40)\">\n<div class=\"wp-block-columns alignwide is-layout-flex wp-container-core-columns-is-layout-14cf5ab5 wp-block-columns-is-layout-flex\">\n<div class=\"wp-block-column is-layout-flow wp-block-column-is-layout-flow\" style=\"flex-basis:66.66%\">\n<h2 class=\"wp-block-heading has-accent-2-color has-text-color has-link-color wp-elements-bf48e910802899484f009977c82a6546\"><mark style=\"background-color:#E20427\" class=\"has-inline-color has-base-2-color\">TRANSFER moves the Future<\/mark><\/h2>\n\n\n\n<p>The Youth is our Future. That\u2019s why at TRANSFER, we\u2019ve made it our mission to support young people in their athletic activities during their free time.\nWe proudly sponsor ULC TRANSFER St. Veit an der G\u00f6lsen and Union St. P\u00f6lten Athletics.<\/p>\n\n\n\n<p>Children from different nationalities play and compete side by side, united by a common goal.\nWe believe that sport is not only a meaningful pastime for young people, but above all, a vital part of personal development.<\/p>\n\n\n\n<p>Looking ahead, our society needs people with a sense of responsibility, team spirit, tolerance, and perseverance. Sports help develop these essential soft skills \u2014 skills that are not only crucial in the workplace but foundational for our society as a whole.Through this sponsorship, TRANSFER communicates its commitment to responsible and forward-looking business practices.<\/p>\n\n\n\n<p>The society of tomorrow<br>is already taking shape today \u2014 in the minds of our children.<\/p>\n<\/div>\n\n\n\n<div class=\"wp-block-column is-layout-flow wp-block-column-is-layout-flow\" style=\"flex-basis:33.33%\">\n<figure class=\"wp-block-image size-full\"><img alt=\"\" loading=\"lazy\" decoding=\"async\" width=\"351\" height=\"471\" src=\"https:\/\/transfer-personal.com\/wp-content\/uploads\/2024\/10\/Lena_Pressler_rig.png\" class=\"wp-image-566\" srcset=\"https:\/\/transfer-personal.com\/wp-content\/uploads\/2024\/10\/Lena_Pressler_rig.png 351w, https:\/\/transfer-personal.com\/wp-content\/uploads\/2024\/10\/Lena_Pressler_rig-224x300.png 224w, https:\/\/transfer-personal.com\/wp-content\/uploads\/2024\/10\/Lena_Pressler_rig-9x12.png 9w\" sizes=\"auto, (max-width: 351px) 100vw, 351px\" \/><figcaption class=\"wp-element-caption\">Lena Pressler \u2013 Sportunion St. P\u00f6lten \u2013 at the 2018 U18 European Championships in Gy\u00f6r, she finished 3rd in the 400m hurdles and set a new Austrian U18 best time for this distance with 59:11. \u00a9 \u00d6LV \/ Coen Schilderman<\/figcaption><\/figure>\n<\/div>\n<\/div>\n<\/div>","protected":false},"excerpt":{"rendered":"<p>Wir sind TRANSFER Mehr als ein Personaldienstleister \u2013 wir verbinden Talente mit Chancen und gestalten die Zukunft f\u00fcr Unternehmen. Seit 1994 gewachsen, heute international t\u00e4tig, stehen wir f\u00fcr Best\u00e4ndigkeit, Verantwortung und Innovation. Mit unserer Akademie, h\u00f6chsten Qualit\u00e4tsstandards und starkem sozialem Engagement bewegen wir Menschen und die Welt von morgen. Weil wir unsere Arbeit lieben! Unsere [&hellip;]<\/p>","protected":false},"author":3,"featured_media":0,"parent":0,"menu_order":0,"comment_status":"closed","ping_status":"closed","template":"","meta":{"_acf_changed":false,"_seopress_robots_primary_cat":"","_seopress_titles_title":"","_seopress_titles_desc":"","_seopress_robots_index":"","footnotes":""},"class_list":["post-565","page","type-page","status-publish","hentry"],"acf":[],"_links":{"self":[{"href":"https:\/\/transfer-personal.com\/en\/wp-json\/wp\/v2\/pages\/565","targetHints":{"allow":["GET"]}}],"collection":[{"href":"https:\/\/transfer-personal.com\/en\/wp-json\/wp\/v2\/pages"}],"about":[{"href":"https:\/\/transfer-personal.com\/en\/wp-json\/wp\/v2\/types\/page"}],"author":[{"embeddable":true,"href":"https:\/\/transfer-personal.com\/en\/wp-json\/wp\/v2\/users\/3"}],"replies":[{"embeddable":true,"href":"https:\/\/transfer-personal.com\/en\/wp-json\/wp\/v2\/comments?post=565"}],"version-history":[{"count":15,"href":"https:\/\/transfer-personal.com\/en\/wp-json\/wp\/v2\/pages\/565\/revisions"}],"predecessor-version":[{"id":4743,"href":"https:\/\/transfer-personal.com\/en\/wp-json\/wp\/v2\/pages\/565\/revisions\/4743"}],"wp:attachment":[{"href":"https:\/\/transfer-personal.com\/en\/wp-json\/wp\/v2\/media?parent=565"}],"curies":[{"name":"wp","href":"https:\/\/api.w.org\/{rel}","templated":true}]}}