{"id":4433,"date":"2025-03-28T13:17:38","date_gmt":"2025-03-28T12:17:38","guid":{"rendered":"https:\/\/transfer-personal.com\/?page_id=4433"},"modified":"2025-05-22T11:36:51","modified_gmt":"2025-05-22T09:36:51","slug":"lehre-zum-zur-personaldienstleistungsassistentin","status":"publish","type":"page","link":"https:\/\/transfer-personal.com\/en\/karriere-bei-transfer\/lehre-zum-zur-personaldienstleistungsassistentin\/","title":{"rendered":"Karriere bei TRANSFER &#8211; Lehre zum\/zur Personaldienstleistungsassistent\/in"},"content":{"rendered":"<div class=\"wp-block-group alignfull has-global-padding is-layout-constrained wp-block-group-is-layout-constrained\" style=\"padding-top:var(--wp--preset--spacing--40);padding-bottom:var(--wp--preset--spacing--40)\">\n<div class=\"wp-block-columns alignwide is-layout-flex wp-container-core-columns-is-layout-14cf5ab5 wp-block-columns-is-layout-flex\">\n<div class=\"wp-block-column is-layout-flow wp-block-column-is-layout-flow\" style=\"flex-basis:66.66%\">\n<h2 class=\"wp-block-heading has-accent-2-color has-text-color has-link-color wp-elements-80d4a26d05a5fe3403b73d48d670cfb6\"><mark style=\"background-color:#E20427\" class=\"has-inline-color has-base-2-color\">Apprenticeship for Personnel Services Assistant<\/mark><\/h2>\n\n\n\n<p><strong>Duration<\/strong> 3 Years<\/p>\n\n\n\n<p><strong>Field of Activity<\/strong><br>HR services include staffing, direct placement, and personnel consulting. You will support recruitment processes, provide customer service, and help manage job orders and assignments.<\/p>\n\n\n\n<p><strong>Training priorities:<\/strong><\/p>\n\n\n\n<ul class=\"wp-block-list\">\n<li>Administration &amp; Office Organization: \n<ul class=\"wp-block-list\">\n<li>Company structure and organization<\/li>\n\n\n\n<li>Office procedures, computer tasks<\/li>\n\n\n\n<li>Written Communication<\/li>\n<\/ul>\n<\/li>\n\n\n\n<li>Customer Support &amp; Acquisition:\n<ul class=\"wp-block-list\">\n<li>Identifying client needs<\/li>\n\n\n\n<li>Client Consulting and Supporting<\/li>\n\n\n\n<li>Marketing<\/li>\n\n\n\n<li>Order Processing<\/li>\n<\/ul>\n<\/li>\n\n\n\n<li>Recruiting\n<ul class=\"wp-block-list\">\n<li>Talent Sourcing<\/li>\n\n\n\n<li>Legal Fundamentals<\/li>\n<\/ul>\n<\/li>\n\n\n\n<li>Business Accounting\n<ul class=\"wp-block-list\">\n<li>Taxes<\/li>\n\n\n\n<li>Social Contributions<\/li>\n\n\n\n<li>Payroll Accounting<\/li>\n\n\n\n<li>Cost Accounting<\/li>\n<\/ul>\n<\/li>\n<\/ul>\n\n\n\n<p><strong>Interested?<\/strong>&nbsp;Send your application to: <a href=\"mailto:bewerbung-intern@transfer.co.at\"><font color=\"#E20427\">bewerbung-intern@transfer.co.at<\/font><\/a><\/p>\n\n\n\n<p><a href=\"https:\/\/transfer-personal.com\/en\/karriere-bei-transfer\/\" data-type=\"page\" data-id=\"3566\">BACK<\/a><\/p>\n<\/div>\n\n\n\n<div class=\"wp-block-column is-layout-flow wp-block-column-is-layout-flow\" style=\"flex-basis:33.33%\">\n<figure class=\"wp-block-image size-full\"><img alt=\"\" loading=\"lazy\" decoding=\"async\" width=\"1707\" height=\"2560\" src=\"https:\/\/transfer-personal.com\/wp-content\/uploads\/2025\/04\/happy-young-woman-work-office-using-computer-scaled.jpg\" class=\"wp-image-4544\" srcset=\"https:\/\/transfer-personal.com\/wp-content\/uploads\/2025\/04\/happy-young-woman-work-office-using-computer-scaled.jpg 1707w, https:\/\/transfer-personal.com\/wp-content\/uploads\/2025\/04\/happy-young-woman-work-office-using-computer-200x300.jpg 200w, https:\/\/transfer-personal.com\/wp-content\/uploads\/2025\/04\/happy-young-woman-work-office-using-computer-683x1024.jpg 683w, https:\/\/transfer-personal.com\/wp-content\/uploads\/2025\/04\/happy-young-woman-work-office-using-computer-768x1152.jpg 768w, https:\/\/transfer-personal.com\/wp-content\/uploads\/2025\/04\/happy-young-woman-work-office-using-computer-1024x1536.jpg 1024w, https:\/\/transfer-personal.com\/wp-content\/uploads\/2025\/04\/happy-young-woman-work-office-using-computer-1365x2048.jpg 1365w, https:\/\/transfer-personal.com\/wp-content\/uploads\/2025\/04\/happy-young-woman-work-office-using-computer-8x12.jpg 8w, https:\/\/transfer-personal.com\/wp-content\/uploads\/2025\/04\/happy-young-woman-work-office-using-computer-380x570.jpg 380w, https:\/\/transfer-personal.com\/wp-content\/uploads\/2025\/04\/happy-young-woman-work-office-using-computer-420x630.jpg 420w, https:\/\/transfer-personal.com\/wp-content\/uploads\/2025\/04\/happy-young-woman-work-office-using-computer-680x1020.jpg 680w, https:\/\/transfer-personal.com\/wp-content\/uploads\/2025\/04\/happy-young-woman-work-office-using-computer-980x1470.jpg 980w\" sizes=\"auto, (max-width: 1707px) 100vw, 1707px\" \/><\/figure>\n<\/div>\n<\/div>\n<\/div>","protected":false},"excerpt":{"rendered":"<p>Lehre zum\/zur Personaldienstleistungsassistent\/in Lehrzeit: 3 Jahre T\u00e4tigkeitsbereich:Personaldienstleistung umfasst Arbeitskr\u00e4fte\u00fcberlassung, -vermittlung und Personalberatung. Sie unterst\u00fctzen bei der Rekrutierung von Personal, Kundenbetreuung und der Abwicklung von Auftr\u00e4gen. Ausbildungsschwerpunkte: Interessiert?&nbsp;Dann bewerben Sie sich unter bewerbung-intern@transfer.co.at ZUR\u00dcCK<\/p>","protected":false},"author":6,"featured_media":0,"parent":3566,"menu_order":0,"comment_status":"closed","ping_status":"closed","template":"","meta":{"_acf_changed":false,"_seopress_robots_primary_cat":"","_seopress_titles_title":"","_seopress_titles_desc":"","_seopress_robots_index":"","footnotes":""},"class_list":["post-4433","page","type-page","status-publish","hentry"],"acf":[],"_links":{"self":[{"href":"https:\/\/transfer-personal.com\/en\/wp-json\/wp\/v2\/pages\/4433","targetHints":{"allow":["GET"]}}],"collection":[{"href":"https:\/\/transfer-personal.com\/en\/wp-json\/wp\/v2\/pages"}],"about":[{"href":"https:\/\/transfer-personal.com\/en\/wp-json\/wp\/v2\/types\/page"}],"author":[{"embeddable":true,"href":"https:\/\/transfer-personal.com\/en\/wp-json\/wp\/v2\/users\/6"}],"replies":[{"embeddable":true,"href":"https:\/\/transfer-personal.com\/en\/wp-json\/wp\/v2\/comments?post=4433"}],"version-history":[{"count":17,"href":"https:\/\/transfer-personal.com\/en\/wp-json\/wp\/v2\/pages\/4433\/revisions"}],"predecessor-version":[{"id":5227,"href":"https:\/\/transfer-personal.com\/en\/wp-json\/wp\/v2\/pages\/4433\/revisions\/5227"}],"up":[{"embeddable":true,"href":"https:\/\/transfer-personal.com\/en\/wp-json\/wp\/v2\/pages\/3566"}],"wp:attachment":[{"href":"https:\/\/transfer-personal.com\/en\/wp-json\/wp\/v2\/media?parent=4433"}],"curies":[{"name":"wp","href":"https:\/\/api.w.org\/{rel}","templated":true}]}}