{"id":4426,"date":"2025-03-28T13:14:05","date_gmt":"2025-03-28T12:14:05","guid":{"rendered":"https:\/\/transfer-personal.com\/?page_id=4426"},"modified":"2025-05-22T11:37:25","modified_gmt":"2025-05-22T09:37:25","slug":"personaldienstleistungsassistentin","status":"publish","type":"page","link":"https:\/\/transfer-personal.com\/en\/karriere-bei-transfer\/personaldienstleistungsassistentin\/","title":{"rendered":"Karriere bei TRANSFER &#8211; Personaldienstleistungsassistent\/in"},"content":{"rendered":"<div class=\"wp-block-group alignfull has-global-padding is-layout-constrained wp-block-group-is-layout-constrained\" style=\"padding-top:var(--wp--preset--spacing--40);padding-bottom:var(--wp--preset--spacing--40)\">\n<div class=\"wp-block-columns alignwide is-layout-flex wp-container-core-columns-is-layout-14cf5ab5 wp-block-columns-is-layout-flex\">\n<div class=\"wp-block-column is-layout-flow wp-block-column-is-layout-flow\" style=\"flex-basis:66.66%\">\n<h2 class=\"wp-block-heading has-accent-2-color has-text-color has-link-color wp-elements-f83348de3b364de1bc374de01c633f0c\"><mark style=\"background-color:#E20427\" class=\"has-inline-color has-base-2-color\">Personnel Services Assistant<\/mark><\/h2>\n\n\n\n<p>As a <strong>TRANSFER PERSONNEL SERVICES ASSISTANT<\/strong> you support the HR Manager and act as a key link between HR and the service department. You assist our staff throughout their entire employment journey \u2013 from the initial job search to the full duration of their assignment \u2013 thereby enhancing our clients\u2019 competitiveness and improving job opportunities for people seeking employment.<\/p>\n\n\n\n<p>At the <strong>TRANSFER Academy <\/strong>you will gain professional know-how and develop an understanding of the social responsibility your role requires.<\/p>\n\n\n\n<p>Key Competences<\/p>\n\n\n\n<ul class=\"wp-block-list\">\n<li>Cost Estimation and Contract Law<\/li>\n\n\n\n<li>Recruiting, Hiring and Supporting of Staff<\/li>\n\n\n\n<li>Labor Law and Payroll Accounting<\/li>\n\n\n\n<li>Cost Accounting, Social Policy and Employment for foreign nationals<\/li>\n<\/ul>\n\n\n\n<p><strong>Interested?<\/strong>&nbsp;Send your application to: <a href=\"mailto:bewerbung-intern@transfer.co.at\"><font color=\"#E20427\">bewerbung-intern@transfer.co.at<\/font><\/a><\/p>\n\n\n\n<p><a href=\"https:\/\/transfer-personal.com\/en\/karriere-bei-transfer\/\" data-type=\"page\" data-id=\"3566\">BACK<\/a><\/p>\n<\/div>\n\n\n\n<div class=\"wp-block-column is-layout-flow wp-block-column-is-layout-flow\" style=\"flex-basis:33.33%\">\n<figure class=\"wp-block-image size-full\"><img alt=\"\" loading=\"lazy\" decoding=\"async\" width=\"1707\" height=\"2560\" src=\"https:\/\/transfer-personal.com\/wp-content\/uploads\/2025\/04\/KBT-PDA.jpg\" class=\"wp-image-4917\" srcset=\"https:\/\/transfer-personal.com\/wp-content\/uploads\/2025\/04\/KBT-PDA.jpg 1707w, https:\/\/transfer-personal.com\/wp-content\/uploads\/2025\/04\/KBT-PDA-200x300.jpg 200w, https:\/\/transfer-personal.com\/wp-content\/uploads\/2025\/04\/KBT-PDA-683x1024.jpg 683w, https:\/\/transfer-personal.com\/wp-content\/uploads\/2025\/04\/KBT-PDA-768x1152.jpg 768w, https:\/\/transfer-personal.com\/wp-content\/uploads\/2025\/04\/KBT-PDA-1024x1536.jpg 1024w, https:\/\/transfer-personal.com\/wp-content\/uploads\/2025\/04\/KBT-PDA-1366x2048.jpg 1366w, https:\/\/transfer-personal.com\/wp-content\/uploads\/2025\/04\/KBT-PDA-8x12.jpg 8w, https:\/\/transfer-personal.com\/wp-content\/uploads\/2025\/04\/KBT-PDA-380x570.jpg 380w, https:\/\/transfer-personal.com\/wp-content\/uploads\/2025\/04\/KBT-PDA-420x630.jpg 420w, https:\/\/transfer-personal.com\/wp-content\/uploads\/2025\/04\/KBT-PDA-680x1020.jpg 680w, https:\/\/transfer-personal.com\/wp-content\/uploads\/2025\/04\/KBT-PDA-980x1470.jpg 980w\" sizes=\"auto, (max-width: 1707px) 100vw, 1707px\" \/><\/figure>\n<\/div>\n<\/div>\n<\/div>","protected":false},"excerpt":{"rendered":"<p>Personaldienstleistungsassistent\/in Als TRANSFER PERSONALDIENSTLEISTUNGSASSISTENT\/IN unterst\u00fctzen Sie den Personalmanager und fungieren als Schnittstelle zur Serviceabteilung. Sie betreuen MitarbeiterInnen von der Jobsuche bis zur gesamten Besch\u00e4ftigungsdauer und steigern so die Wettbewerbsf\u00e4higkeit unserer Kunden und die Besch\u00e4ftigungschancen arbeitsuchender Menschen. In der TRANSFER Akademie erhalten Sie fachliches Know-how und lernen die soziale Verantwortung, die Sie in Ihrem Job \u00fcbernehmen. [&hellip;]<\/p>","protected":false},"author":6,"featured_media":0,"parent":3566,"menu_order":0,"comment_status":"closed","ping_status":"closed","template":"","meta":{"_acf_changed":false,"_seopress_robots_primary_cat":"","_seopress_titles_title":"","_seopress_titles_desc":"","_seopress_robots_index":"","footnotes":""},"class_list":["post-4426","page","type-page","status-publish","hentry"],"acf":[],"_links":{"self":[{"href":"https:\/\/transfer-personal.com\/en\/wp-json\/wp\/v2\/pages\/4426","targetHints":{"allow":["GET"]}}],"collection":[{"href":"https:\/\/transfer-personal.com\/en\/wp-json\/wp\/v2\/pages"}],"about":[{"href":"https:\/\/transfer-personal.com\/en\/wp-json\/wp\/v2\/types\/page"}],"author":[{"embeddable":true,"href":"https:\/\/transfer-personal.com\/en\/wp-json\/wp\/v2\/users\/6"}],"replies":[{"embeddable":true,"href":"https:\/\/transfer-personal.com\/en\/wp-json\/wp\/v2\/comments?post=4426"}],"version-history":[{"count":16,"href":"https:\/\/transfer-personal.com\/en\/wp-json\/wp\/v2\/pages\/4426\/revisions"}],"predecessor-version":[{"id":5228,"href":"https:\/\/transfer-personal.com\/en\/wp-json\/wp\/v2\/pages\/4426\/revisions\/5228"}],"up":[{"embeddable":true,"href":"https:\/\/transfer-personal.com\/en\/wp-json\/wp\/v2\/pages\/3566"}],"wp:attachment":[{"href":"https:\/\/transfer-personal.com\/en\/wp-json\/wp\/v2\/media?parent=4426"}],"curies":[{"name":"wp","href":"https:\/\/api.w.org\/{rel}","templated":true}]}}