{"id":3566,"date":"2025-01-16T17:42:13","date_gmt":"2025-01-16T16:42:13","guid":{"rendered":"https:\/\/transfer-personal.com\/?page_id=3566"},"modified":"2025-05-05T12:44:53","modified_gmt":"2025-05-05T10:44:53","slug":"karriere-bei-transfer","status":"publish","type":"page","link":"https:\/\/transfer-personal.com\/en\/karriere-bei-transfer\/","title":{"rendered":"Career at Transfer"},"content":{"rendered":"<div class=\"wp-block-group alignfull has-global-padding is-layout-constrained wp-block-group-is-layout-constrained\">\n<div class=\"wp-block-media-text alignfull has-media-on-the-right is-stacked-on-mobile has-base-2-background-color has-background\" style=\"border-style:none;border-width:0px;margin-top:0;margin-bottom:0;padding-top:0;padding-right:0;padding-bottom:0;padding-left:0\"><div class=\"wp-block-media-text__content\">\n<h1 class=\"wp-block-heading has-accent-2-color has-text-color has-link-color has-x-large-font-size wp-elements-4ee2fd7a1ec87ba7a41f07374176278f\"><mark style=\"background-color:#E20427\" class=\"has-inline-color has-base-2-color\">Successful with TRANSFER.<\/mark><\/h1>\n\n\n\n<p>Are you looking for new challenges and a motivating environment? Then TRANSFER is the right place for you - regardless of your career level. Trust, respect and a strong corporate culture are the basis of our shared success.<\/p>\n<\/div><figure class=\"wp-block-media-text__media\"><img alt=\"\" loading=\"lazy\" decoding=\"async\" width=\"1024\" height=\"375\" src=\"https:\/\/transfer-personal.com\/wp-content\/uploads\/2025\/04\/happy-lady-stand-near-colleagues-1024x375.jpg\" class=\"wp-image-4536 size-full\" srcset=\"https:\/\/transfer-personal.com\/wp-content\/uploads\/2025\/04\/happy-lady-stand-near-colleagues-1024x375.jpg 1024w, https:\/\/transfer-personal.com\/wp-content\/uploads\/2025\/04\/happy-lady-stand-near-colleagues-300x110.jpg 300w, https:\/\/transfer-personal.com\/wp-content\/uploads\/2025\/04\/happy-lady-stand-near-colleagues-768x281.jpg 768w, https:\/\/transfer-personal.com\/wp-content\/uploads\/2025\/04\/happy-lady-stand-near-colleagues-1536x562.jpg 1536w, https:\/\/transfer-personal.com\/wp-content\/uploads\/2025\/04\/happy-lady-stand-near-colleagues-2048x750.jpg 2048w, https:\/\/transfer-personal.com\/wp-content\/uploads\/2025\/04\/happy-lady-stand-near-colleagues-18x7.jpg 18w, https:\/\/transfer-personal.com\/wp-content\/uploads\/2025\/04\/happy-lady-stand-near-colleagues-380x139.jpg 380w, https:\/\/transfer-personal.com\/wp-content\/uploads\/2025\/04\/happy-lady-stand-near-colleagues-420x154.jpg 420w, https:\/\/transfer-personal.com\/wp-content\/uploads\/2025\/04\/happy-lady-stand-near-colleagues-680x249.jpg 680w, https:\/\/transfer-personal.com\/wp-content\/uploads\/2025\/04\/happy-lady-stand-near-colleagues-980x359.jpg 980w\" sizes=\"auto, (max-width: 1024px) 100vw, 1024px\" \/><\/figure><\/div>\n<\/div>\n\n\n\n<div class=\"wp-block-group alignfull has-global-padding is-layout-constrained wp-block-group-is-layout-constrained\" style=\"padding-top:var(--wp--preset--spacing--40);padding-bottom:var(--wp--preset--spacing--40)\">\n<div class=\"wp-block-columns alignwide is-layout-flex wp-container-core-columns-is-layout-14cf5ab5 wp-block-columns-is-layout-flex\">\n<div class=\"wp-block-column is-layout-flow wp-block-column-is-layout-flow\" style=\"flex-basis:66.66%\">\n<h2 class=\"wp-block-heading has-accent-2-color has-text-color has-link-color wp-elements-7469f0572217f828e068aabb8910e467\"><mark style=\"background-color:#E20427\" class=\"has-inline-color has-base-2-color\">TRANSFER Academy:<br>Start with Potential<\/mark><\/h2>\n\n\n\n<p>Would you like to get started in personnel management?<\/p>\n\n\n\n<p class=\"has-text-align-left\">TRANSFER offers practice-oriented training to become a personnel manager or personnel services assistant. You will gain both theoretical knowledge and practical experience directly in the workplace.<\/p>\n\n\n\n<p>In addition to graduating, we expect the willingness to learn, commitment and the ability to work in a team.<\/p>\n\n\n\n<p>For those who would like to combine school and work, we offer a 3-year apprenticeship to become a personnel services assistant.<\/p>\n\n\n\n<p><\/p>\n\n\n\n<p><strong>Further Information:<\/strong><a href=\"https:\/\/transfer-personal.com\/en\/at\/bewerber\/karriere\/ausbildung\/2010-02-10-I294\/\"><\/a><\/p>\n\n\n\n<ul class=\"wp-block-list\">\n<li><a href=\"https:\/\/transfer-personal.com\/en\/personalmanagerin\/\" data-type=\"link\" data-id=\"https:\/\/transfer-personal.com\/personalmanagerin\/\">Personnel Manager<\/a><\/li>\n<\/ul>\n\n\n\n<ul class=\"wp-block-list\">\n<li><a href=\"https:\/\/transfer-personal.com\/en\/personaldienstleistungsassistentin\/\" data-type=\"link\" data-id=\"https:\/\/transfer-personal.com\/personaldienstleistungsassistentin\/\">Personnel Services Assistant<\/a><a href=\"https:\/\/transfer-personal.com\/en\/at\/bewerber\/karriere\/ausbildung\/2010-02-24-I306\/\"><\/a><\/li>\n<\/ul>\n\n\n\n<ul class=\"wp-block-list\">\n<li><a href=\"https:\/\/transfer-personal.com\/en\/lehre-zum-zur-personaldienstleistungsassistentin\/\" data-type=\"link\" data-id=\"https:\/\/transfer-personal.com\/lehre-zum-zur-personaldienstleistungsassistentin\/\">Apprenticeship for Personnel Services Assistant<\/a><\/li>\n<\/ul>\n<\/div>\n\n\n\n<div class=\"wp-block-column is-layout-flow wp-block-column-is-layout-flow\" style=\"flex-basis:33.33%\">\n<figure class=\"wp-block-image size-full\"><img alt=\"\" loading=\"lazy\" decoding=\"async\" width=\"1707\" height=\"2560\" src=\"https:\/\/transfer-personal.com\/wp-content\/uploads\/2025\/04\/KBT_HS_02-1.jpg\" class=\"wp-image-4916\" srcset=\"https:\/\/transfer-personal.com\/wp-content\/uploads\/2025\/04\/KBT_HS_02-1.jpg 1707w, https:\/\/transfer-personal.com\/wp-content\/uploads\/2025\/04\/KBT_HS_02-1-200x300.jpg 200w, https:\/\/transfer-personal.com\/wp-content\/uploads\/2025\/04\/KBT_HS_02-1-683x1024.jpg 683w, https:\/\/transfer-personal.com\/wp-content\/uploads\/2025\/04\/KBT_HS_02-1-768x1152.jpg 768w, https:\/\/transfer-personal.com\/wp-content\/uploads\/2025\/04\/KBT_HS_02-1-1024x1536.jpg 1024w, https:\/\/transfer-personal.com\/wp-content\/uploads\/2025\/04\/KBT_HS_02-1-1366x2048.jpg 1366w, https:\/\/transfer-personal.com\/wp-content\/uploads\/2025\/04\/KBT_HS_02-1-8x12.jpg 8w, https:\/\/transfer-personal.com\/wp-content\/uploads\/2025\/04\/KBT_HS_02-1-380x570.jpg 380w, https:\/\/transfer-personal.com\/wp-content\/uploads\/2025\/04\/KBT_HS_02-1-420x630.jpg 420w, https:\/\/transfer-personal.com\/wp-content\/uploads\/2025\/04\/KBT_HS_02-1-680x1020.jpg 680w, https:\/\/transfer-personal.com\/wp-content\/uploads\/2025\/04\/KBT_HS_02-1-980x1470.jpg 980w\" sizes=\"auto, (max-width: 1707px) 100vw, 1707px\" \/><\/figure>\n<\/div>\n<\/div>\n<\/div>\n\n\n\n<div class=\"wp-block-group alignfull has-base-2-background-color has-background has-global-padding is-layout-constrained wp-block-group-is-layout-constrained\" style=\"padding-top:var(--wp--preset--spacing--40);padding-bottom:var(--wp--preset--spacing--40)\">\n<div class=\"wp-block-columns alignwide is-layout-flex wp-container-core-columns-is-layout-14cf5ab5 wp-block-columns-is-layout-flex\">\n<div class=\"wp-block-column is-layout-flow wp-block-column-is-layout-flow\" style=\"flex-basis:66.66%\">\n<h2 class=\"wp-block-heading has-accent-2-color has-text-color has-link-color wp-elements-c0e248427a26f88c53b39eed91679483\"><mark style=\"background-color:#E20427\" class=\"has-inline-color has-base-2-color\">Join TRANSFER directly.<\/mark><\/h2>\n\n\n\n<p>Start your career at TRANSFER! We are looking for employees for various areas such as customer acquisition, accounting and finance - both at the head office and in our offices in Austria. We provide thorough onboarding and support your professional and personal growth.<\/p>\n\n\n\n<p><strong>Interested?<\/strong>&nbsp;Send your application to:&nbsp;<a href=\"mailto:bewerbung-intern@transfer.co.at\"><font color=\"#E20427\">bewerbung-intern@transfer.co.at<\/font><\/a><\/p>\n<\/div>\n\n\n\n<div class=\"wp-block-column is-layout-flow wp-block-column-is-layout-flow\" style=\"flex-basis:33.33%\">\n<figure class=\"wp-block-image size-full\"><img alt=\"\" loading=\"lazy\" decoding=\"async\" width=\"2560\" height=\"1889\" src=\"https:\/\/transfer-personal.com\/wp-content\/uploads\/2025\/03\/Personalmanager-portrait-smiling-businesswoman-with-documents-scaled.jpg\" class=\"wp-image-4443\" srcset=\"https:\/\/transfer-personal.com\/wp-content\/uploads\/2025\/03\/Personalmanager-portrait-smiling-businesswoman-with-documents-scaled.jpg 2560w, https:\/\/transfer-personal.com\/wp-content\/uploads\/2025\/03\/Personalmanager-portrait-smiling-businesswoman-with-documents-300x221.jpg 300w, https:\/\/transfer-personal.com\/wp-content\/uploads\/2025\/03\/Personalmanager-portrait-smiling-businesswoman-with-documents-1024x756.jpg 1024w, https:\/\/transfer-personal.com\/wp-content\/uploads\/2025\/03\/Personalmanager-portrait-smiling-businesswoman-with-documents-768x567.jpg 768w, https:\/\/transfer-personal.com\/wp-content\/uploads\/2025\/03\/Personalmanager-portrait-smiling-businesswoman-with-documents-1536x1133.jpg 1536w, https:\/\/transfer-personal.com\/wp-content\/uploads\/2025\/03\/Personalmanager-portrait-smiling-businesswoman-with-documents-2048x1511.jpg 2048w, https:\/\/transfer-personal.com\/wp-content\/uploads\/2025\/03\/Personalmanager-portrait-smiling-businesswoman-with-documents-16x12.jpg 16w, https:\/\/transfer-personal.com\/wp-content\/uploads\/2025\/03\/Personalmanager-portrait-smiling-businesswoman-with-documents-380x280.jpg 380w, https:\/\/transfer-personal.com\/wp-content\/uploads\/2025\/03\/Personalmanager-portrait-smiling-businesswoman-with-documents-420x310.jpg 420w, https:\/\/transfer-personal.com\/wp-content\/uploads\/2025\/03\/Personalmanager-portrait-smiling-businesswoman-with-documents-680x502.jpg 680w, https:\/\/transfer-personal.com\/wp-content\/uploads\/2025\/03\/Personalmanager-portrait-smiling-businesswoman-with-documents-980x723.jpg 980w\" sizes=\"auto, (max-width: 2560px) 100vw, 2560px\" \/><\/figure>\n<\/div>\n<\/div>\n<\/div>","protected":false},"excerpt":{"rendered":"<p>Erfolgreich mit TRANSFER. Sie suchen neue Herausforderungen und ein motivierendes Umfeld? Dann sind Sie bei TRANSFER genau richtig \u2013 unabh\u00e4ngig von Ihrem Karrierestand. Vertrauen, Respekt und eine starke Unternehmenskultur sind f\u00fcr uns die Basis gemeinsamen Erfolgs. TRANSFER Akademie:Einstieg mit Perspektiven M\u00f6chten Sie im Personalmanagement durchstarten? TRANSFER bietet eine praxisorientierte Ausbildung zum\/zur Personalmanager\/in oder Personaldienstleistungsassistent\/in. Sie [&hellip;]<\/p>","protected":false},"author":6,"featured_media":0,"parent":0,"menu_order":0,"comment_status":"closed","ping_status":"closed","template":"","meta":{"_acf_changed":false,"_seopress_robots_primary_cat":"","_seopress_titles_title":"","_seopress_titles_desc":"","_seopress_robots_index":"","footnotes":""},"class_list":["post-3566","page","type-page","status-publish","hentry"],"acf":[],"_links":{"self":[{"href":"https:\/\/transfer-personal.com\/en\/wp-json\/wp\/v2\/pages\/3566","targetHints":{"allow":["GET"]}}],"collection":[{"href":"https:\/\/transfer-personal.com\/en\/wp-json\/wp\/v2\/pages"}],"about":[{"href":"https:\/\/transfer-personal.com\/en\/wp-json\/wp\/v2\/types\/page"}],"author":[{"embeddable":true,"href":"https:\/\/transfer-personal.com\/en\/wp-json\/wp\/v2\/users\/6"}],"replies":[{"embeddable":true,"href":"https:\/\/transfer-personal.com\/en\/wp-json\/wp\/v2\/comments?post=3566"}],"version-history":[{"count":48,"href":"https:\/\/transfer-personal.com\/en\/wp-json\/wp\/v2\/pages\/3566\/revisions"}],"predecessor-version":[{"id":4983,"href":"https:\/\/transfer-personal.com\/en\/wp-json\/wp\/v2\/pages\/3566\/revisions\/4983"}],"wp:attachment":[{"href":"https:\/\/transfer-personal.com\/en\/wp-json\/wp\/v2\/media?parent=3566"}],"curies":[{"name":"wp","href":"https:\/\/api.w.org\/{rel}","templated":true}]}}