{"id":1579,"date":"2024-11-28T16:32:00","date_gmt":"2024-11-28T15:32:00","guid":{"rendered":"https:\/\/transfer-personal.com\/?page_id=1579"},"modified":"2025-05-23T09:15:15","modified_gmt":"2025-05-23T07:15:15","slug":"personalvermittlung-und-beratung","status":"publish","type":"page","link":"https:\/\/transfer-personal.com\/en\/unser-angebot\/personalvermittlung-und-beratung\/","title":{"rendered":"Unser Angebot &#8211; Personalvermittlung und Beratung"},"content":{"rendered":"<div class=\"wp-block-group alignfull has-global-padding is-layout-constrained wp-block-group-is-layout-constrained\">\n<div class=\"wp-block-media-text alignfull has-media-on-the-right is-stacked-on-mobile is-image-fill-element\" style=\"margin-top:0;margin-bottom:0;padding-top:0;padding-right:0;padding-bottom:0;padding-left:0\"><div class=\"wp-block-media-text__content\">\n<div class=\"wp-block-group has-global-padding is-layout-constrained wp-block-group-is-layout-constrained\" style=\"padding-top:var(--wp--preset--spacing--40);padding-bottom:var(--wp--preset--spacing--40)\">\n<h1 class=\"wp-block-heading has-accent-2-color has-text-color has-link-color has-x-large-font-size wp-elements-efcd0f45012742042efeb26a3473d2a6\"><mark style=\"background-color:#E20427\" class=\"has-inline-color has-base-2-color\">Our service \u2014<\/mark><br><mark style=\"background-color:#E20427\" class=\"has-inline-color has-base-2-color\">Personnel placement and Consulting<\/mark><\/h1>\n\n\n\n<p>Benefit from over 30 years of experience and our specially developed tools for precise personnel search and selection - from potential analysis to the implementation of an assessment center.<\/p>\n<\/div>\n<\/div><figure class=\"wp-block-media-text__media\"><img alt=\"\" loading=\"lazy\" decoding=\"async\" width=\"1024\" height=\"683\" src=\"https:\/\/transfer-personal.com\/wp-content\/uploads\/2025\/03\/ANGEBOT-VERMITTLUNG-close-up-business-executives-office-1024x683.jpg\" class=\"wp-image-4271 size-full\" style=\"object-position:50% 30%\" srcset=\"https:\/\/transfer-personal.com\/wp-content\/uploads\/2025\/03\/ANGEBOT-VERMITTLUNG-close-up-business-executives-office-1024x683.jpg 1024w, https:\/\/transfer-personal.com\/wp-content\/uploads\/2025\/03\/ANGEBOT-VERMITTLUNG-close-up-business-executives-office-300x200.jpg 300w, https:\/\/transfer-personal.com\/wp-content\/uploads\/2025\/03\/ANGEBOT-VERMITTLUNG-close-up-business-executives-office-768x512.jpg 768w, https:\/\/transfer-personal.com\/wp-content\/uploads\/2025\/03\/ANGEBOT-VERMITTLUNG-close-up-business-executives-office-18x12.jpg 18w, https:\/\/transfer-personal.com\/wp-content\/uploads\/2025\/03\/ANGEBOT-VERMITTLUNG-close-up-business-executives-office-380x253.jpg 380w, https:\/\/transfer-personal.com\/wp-content\/uploads\/2025\/03\/ANGEBOT-VERMITTLUNG-close-up-business-executives-office-420x280.jpg 420w, https:\/\/transfer-personal.com\/wp-content\/uploads\/2025\/03\/ANGEBOT-VERMITTLUNG-close-up-business-executives-office-680x453.jpg 680w, https:\/\/transfer-personal.com\/wp-content\/uploads\/2025\/03\/ANGEBOT-VERMITTLUNG-close-up-business-executives-office-980x653.jpg 980w, https:\/\/transfer-personal.com\/wp-content\/uploads\/2025\/03\/ANGEBOT-VERMITTLUNG-close-up-business-executives-office.jpg 1440w\" sizes=\"auto, (max-width: 1024px) 100vw, 1024px\" \/><\/figure><\/div>\n<\/div>\n\n\n\n<div class=\"wp-block-group alignfull has-base-2-background-color has-background has-global-padding is-layout-constrained wp-block-group-is-layout-constrained\" style=\"margin-top:0;margin-bottom:0;padding-top:var(--wp--preset--spacing--40);padding-bottom:var(--wp--preset--spacing--40)\">\n<div class=\"wp-block-columns alignwide is-layout-flex wp-container-core-columns-is-layout-7fc3d43a wp-block-columns-is-layout-flex\">\n<div class=\"wp-block-column is-layout-flow wp-block-column-is-layout-flow\" style=\"flex-basis:66.66%\">\n<h2 class=\"wp-block-heading has-accent-2-color has-text-color has-link-color wp-elements-a65572f08ede151482d1ff65f3383a18\">Sustainable staffing - tailored for your needs and long-term.<\/h2>\n\n\n\n<p>A workplace is more than just a place where services are provided - it is shaped by people. At TRANSFER, we find exactly the right people for you, whose know-how is a perfect fit for your company and your requirements.<\/p>\n\n\n\n<div style=\"height:1em\" aria-hidden=\"true\" class=\"wp-block-spacer\"><\/div>\n\n\n\n<h3 class=\"wp-block-heading has-accent-2-color has-text-color has-link-color wp-elements-963aa14533872dd7d35f34d417fde85a\">Our process - customized &amp; flexible<\/h3>\n\n\n\n<p>Together with you, we develop a meaningful job and requirements profile. The candidate search takes place via:<\/p>\n\n\n\n<ul class=\"wp-block-list\">\n<li>Our in-house pool of applicants<\/li>\n\n\n\n<li>Internal and external networks<\/li>\n\n\n\n<li>Targeted advertisements in online and print media<\/li>\n<\/ul>\n\n\n\n<p>You decide to what extent you would like to involve us in the recruitment process. We will be happy to do this for you:<\/p>\n\n\n\n<ul class=\"wp-block-list\">\n<li>Initial interviews with the candidates<\/li>\n\n\n\n<li>Presentation of a qualified pre-selection<\/li>\n\n\n\n<li>Support until the contract is signed - and beyond<\/li>\n<\/ul>\n\n\n\n<div style=\"height:1em\" aria-hidden=\"true\" class=\"wp-block-spacer\"><\/div>\n\n\n\n<h3 class=\"wp-block-heading has-accent-2-color has-text-color has-link-color wp-elements-0aa013b17f9f9978774f46ed41d02bd7\">Your Benefits:<\/h3>\n\n\n\n<ul class=\"wp-block-list\">\n<li>Over 30 years of experience in personnel recruitment and selection<\/li>\n\n\n\n<li>Time and cost savings through optimized processes<\/li>\n\n\n\n<li>Extended candidate selection thanks to large applicant pool<\/li>\n\n\n\n<li>Minimization of misplaced positions<\/li>\n\n\n\n<li>Quick identification of experienced specialists<\/li>\n\n\n\n<li>Professional design and placement of advertisements<\/li>\n\n\n\n<li>Confidentiality &amp; discretion guaranteed<\/li>\n<\/ul>\n<\/div>\n<\/div>\n<\/div>\n\n\n\n<div class=\"wp-block-group alignfull has-base-2-background-color has-background has-global-padding is-layout-constrained wp-block-group-is-layout-constrained\" style=\"margin-top:0;margin-bottom:0;padding-top:var(--wp--preset--spacing--30);padding-bottom:var(--wp--preset--spacing--30)\">\n<div class=\"wp-block-group alignwide has-global-padding is-content-justification-left is-layout-constrained wp-container-core-group-is-layout-a9fa9f38 wp-block-group-is-layout-constrained\" style=\"margin-top:var(--wp--preset--spacing--20);margin-bottom:var(--wp--preset--spacing--20)\">\n<h3 class=\"wp-block-heading has-accent-2-color has-text-color has-link-color wp-elements-29d74e215c3f73fa269b97b52595e82d\">What else we can do for you:<\/h3>\n<\/div>\n\n\n\n<div class=\"wp-block-group alignwide has-base-2-background-color has-background is-layout-grid wp-container-core-group-is-layout-ed640459 wp-block-group-is-layout-grid\" style=\"border-radius:16px;margin-top:0;margin-bottom:0;padding-top:0;padding-right:0;padding-bottom:0;padding-left:0\">\n<div class=\"wp-block-group has-base-background-color has-background wp-container-content-60aa2092 is-vertical is-layout-flex wp-container-core-group-is-layout-c617e58c wp-block-group-is-layout-flex\" style=\"min-height:0px;margin-top:0;margin-bottom:0;padding-top:var(--wp--preset--spacing--30);padding-right:var(--wp--preset--spacing--30);padding-bottom:var(--wp--preset--spacing--30);padding-left:var(--wp--preset--spacing--30)\">\n<figure class=\"wp-block-image size-full\"><img alt=\"\" decoding=\"async\" src=\"https:\/\/transfer-personal.com\/wp-content\/uploads\/2024\/08\/icon_01_zeitarbeit.svg\" class=\"wp-image-105\"\/><\/figure>\n\n\n\n<p class=\"has-contrast-2-color has-text-color has-link-color has-large-font-size wp-elements-f1857f96b97eb9a0581df9a32ba3c48b\" style=\"font-style:normal;font-weight:500\">Flexible Staffing<br><\/p>\n\n\n\n<p class=\"has-medium-font-size\" style=\"font-style:normal;font-weight:500\">Flexible action, stable profit.<\/p>\n\n\n\n<div class=\"wp-block-buttons margin-t-auto is-layout-flex wp-container-core-buttons-is-layout-168ce233 wp-block-buttons-is-layout-flex\">\n<div class=\"wp-block-button is-style-inline-button margin-t-auto\"><a class=\"wp-block-button__link has-medium-font-size has-custom-font-size wp-element-button\" href=\"https:\/\/transfer-personal.com\/en\/unser-angebot\/zeitarbeit\/\">learn more<\/a><\/div>\n<\/div>\n<\/div>\n\n\n\n<div class=\"wp-block-group has-base-background-color has-background wp-container-content-9c5d8781 is-vertical is-layout-flex wp-container-core-group-is-layout-c617e58c wp-block-group-is-layout-flex\" style=\"min-height:300px;margin-top:0;margin-bottom:0;padding-top:var(--wp--preset--spacing--30);padding-right:var(--wp--preset--spacing--30);padding-bottom:var(--wp--preset--spacing--30);padding-left:var(--wp--preset--spacing--30)\">\n<figure class=\"wp-block-image size-full\"><img alt=\"\" decoding=\"async\" src=\"https:\/\/transfer-personal.com\/wp-content\/uploads\/2024\/09\/icon_02_zeitarbeit2.svg\" class=\"wp-image-482\"\/><\/figure>\n\n\n\n<p class=\"has-contrast-2-color has-text-color has-link-color has-large-font-size wp-elements-4d6f37a389c22d0c10780591493d3cb8\" style=\"font-style:normal;font-weight:500\">Fixed-Price <br>Staffing<\/p>\n\n\n\n<p class=\"has-medium-font-size\" style=\"font-style:normal;font-weight:500\">Plannable staff costs - Maximum relief.<\/p>\n\n\n\n<div class=\"wp-block-buttons margin-t-auto is-layout-flex wp-block-buttons-is-layout-flex\">\n<div class=\"wp-block-button is-style-inline-button margin-t-auto\"><a class=\"wp-block-button__link has-medium-font-size has-custom-font-size wp-element-button\" href=\"https:\/\/transfer-personal.com\/en\/unser-angebot\/payroll\/\">learn more<\/a><\/div>\n<\/div>\n<\/div>\n\n\n\n<div class=\"wp-block-group has-base-background-color has-background is-vertical is-layout-flex wp-container-core-group-is-layout-c617e58c wp-block-group-is-layout-flex\" style=\"margin-top:0;margin-bottom:0;padding-top:var(--wp--preset--spacing--30);padding-right:var(--wp--preset--spacing--30);padding-bottom:var(--wp--preset--spacing--30);padding-left:var(--wp--preset--spacing--30)\">\n<figure class=\"wp-block-image size-full\"><img alt=\"\" decoding=\"async\" src=\"https:\/\/transfer-personal.com\/wp-content\/uploads\/2024\/08\/icon_03_personalvermittlung.svg\" class=\"wp-image-107\"\/><\/figure>\n\n\n\n<p class=\"has-contrast-2-color has-text-color has-link-color has-large-font-size wp-elements-5cb0b5b081ef127b7b9a684d4ff9a9d3\" style=\"font-style:normal;font-weight:500\">Personnel placement and Consulting<\/p>\n\n\n\n<p class=\"has-medium-font-size\">The right people bring lasting success.<\/p>\n\n\n\n<div class=\"wp-block-buttons margin-t-auto is-layout-flex wp-block-buttons-is-layout-flex\">\n<div class=\"wp-block-button is-style-inline-button margin-t-auto\"><a class=\"wp-block-button__link has-medium-font-size has-custom-font-size wp-element-button\" href=\"https:\/\/transfer-personal.com\/en\/unser-angebot\/personalvermittlung-und-beratung\/\">learn more<\/a><\/div>\n<\/div>\n<\/div>\n\n\n\n<div class=\"wp-block-group has-base-background-color has-background is-vertical is-layout-flex wp-container-core-group-is-layout-c617e58c wp-block-group-is-layout-flex\" style=\"min-height:0px;margin-top:0;margin-bottom:0;padding-top:var(--wp--preset--spacing--30);padding-right:var(--wp--preset--spacing--30);padding-bottom:var(--wp--preset--spacing--30);padding-left:var(--wp--preset--spacing--30)\">\n<figure class=\"wp-block-image size-full\"><img alt=\"\" decoding=\"async\" src=\"https:\/\/transfer-personal.com\/wp-content\/uploads\/2024\/08\/icon_04_on-site-management.svg\" class=\"wp-image-91\"\/><\/figure>\n\n\n\n<p class=\"has-contrast-2-color has-text-color has-link-color has-large-font-size wp-elements-28887379624c0bb2172d4faa46efd49d\" style=\"font-style:normal;font-weight:500\">On-Site-Management<\/p>\n\n\n\n<p class=\"has-medium-font-size\" style=\"font-style:normal;font-weight:500\">Efficient support, directly at your site.<\/p>\n\n\n\n<div class=\"wp-block-buttons margin-t-auto is-layout-flex wp-block-buttons-is-layout-flex\">\n<div class=\"wp-block-button is-style-inline-button margin-t-auto\"><a class=\"wp-block-button__link has-medium-font-size has-custom-font-size wp-element-button\" href=\"https:\/\/transfer-personal.com\/en\/unser-angebot\/on-site-management\/\">learn more<\/a><\/div>\n<\/div>\n<\/div>\n\n\n\n<div class=\"wp-block-group has-base-background-color has-background wp-container-content-9c5d8781 is-vertical is-layout-flex wp-container-core-group-is-layout-c617e58c wp-block-group-is-layout-flex\" style=\"min-height:300px;margin-top:0;margin-bottom:0;padding-top:var(--wp--preset--spacing--30);padding-right:var(--wp--preset--spacing--30);padding-bottom:var(--wp--preset--spacing--30);padding-left:var(--wp--preset--spacing--30)\">\n<figure class=\"wp-block-image size-full\"><img alt=\"\" decoding=\"async\" src=\"https:\/\/transfer-personal.com\/wp-content\/uploads\/2024\/08\/icon_05_master-vendoring.svg\" class=\"wp-image-92\"\/><\/figure>\n\n\n\n<p class=\"has-contrast-2-color has-text-color has-link-color has-large-font-size wp-elements-332aa2e15e9772c92da82ca168f07905\" style=\"font-style:normal;font-weight:500\">Master Vendoring<\/p>\n\n\n\n<p class=\"has-medium-font-size\" style=\"font-style:normal;font-weight:500\">Efficient management of all your external personnel.<\/p>\n\n\n\n<div class=\"wp-block-buttons margin-t-auto is-layout-flex wp-block-buttons-is-layout-flex\">\n<div class=\"wp-block-button is-style-inline-button margin-t-auto\"><a class=\"wp-block-button__link has-medium-font-size has-custom-font-size wp-element-button\" href=\"https:\/\/transfer-personal.com\/en\/unser-angebot\/master-vendoring\/\">learn more<\/a><\/div>\n<\/div>\n<\/div>\n\n\n\n<div class=\"wp-block-group has-base-background-color has-background is-vertical is-layout-flex wp-container-core-group-is-layout-c617e58c wp-block-group-is-layout-flex\" style=\"margin-top:0;margin-bottom:0;padding-top:var(--wp--preset--spacing--30);padding-right:var(--wp--preset--spacing--30);padding-bottom:var(--wp--preset--spacing--30);padding-left:var(--wp--preset--spacing--30)\">\n<figure class=\"wp-block-image size-full\"><img alt=\"\" decoding=\"async\" src=\"https:\/\/transfer-personal.com\/wp-content\/uploads\/2024\/09\/icon_06_software.svg\" class=\"wp-image-481\"\/><\/figure>\n\n\n\n<p class=\"has-contrast-2-color has-text-color has-link-color has-large-font-size wp-elements-78f08d6824f55548de2c3c8fa6a347c2\" style=\"font-style:normal;font-weight:500\">Personal-Expert<br>Software<\/p>\n\n\n\n<p class=\"has-medium-font-size\" style=\"font-style:normal;font-weight:500\">Simple and efficient personnel management in seconds.<\/p>\n\n\n\n<div class=\"wp-block-buttons margin-t-auto is-layout-flex wp-block-buttons-is-layout-flex\">\n<div class=\"wp-block-button is-style-inline-button margin-t-auto\"><a class=\"wp-block-button__link has-medium-font-size has-custom-font-size wp-element-button\" href=\"https:\/\/transfer-personal.com\/en\/unser-angebot\/personal-expert-software\/\">learn more<\/a><\/div>\n<\/div>\n<\/div>\n\n\n\n<div class=\"wp-block-group has-base-background-color has-background is-vertical is-layout-flex wp-container-core-group-is-layout-c617e58c wp-block-group-is-layout-flex\" style=\"min-height:0px;margin-top:0;margin-bottom:0;padding-top:var(--wp--preset--spacing--30);padding-right:var(--wp--preset--spacing--30);padding-bottom:var(--wp--preset--spacing--30);padding-left:var(--wp--preset--spacing--30)\">\n<figure class=\"wp-block-image size-full\"><img alt=\"\" decoding=\"async\" src=\"https:\/\/transfer-personal.com\/wp-content\/uploads\/2024\/08\/icon_07_qualifizierungsmanagement.svg\" class=\"wp-image-94\"\/><\/figure>\n\n\n\n<p class=\"has-contrast-2-color has-text-color has-link-color has-large-font-size wp-elements-2c75a752d952d3aee45c3c9e01c3619e\" style=\"font-style:normal;font-weight:500\">Qualification-<br>management<\/p>\n\n\n\n<p class=\"has-medium-font-size\" style=\"font-style:normal;font-weight:500\">Secure the future through targeted training.<\/p>\n\n\n\n<div class=\"wp-block-buttons margin-t-auto is-layout-flex wp-block-buttons-is-layout-flex\">\n<div class=\"wp-block-button is-style-inline-button margin-t-auto\"><a class=\"wp-block-button__link has-medium-font-size has-custom-font-size wp-element-button\" href=\"https:\/\/transfer-personal.com\/en\/unser-angebot\/qualifizierungsmanagement\/\">learn more<\/a><\/div>\n<\/div>\n<\/div>\n\n\n\n<div class=\"wp-block-group has-base-background-color has-background wp-container-content-9c5d8781 is-vertical is-layout-flex wp-container-core-group-is-layout-c617e58c wp-block-group-is-layout-flex\" style=\"min-height:300px;margin-top:0;margin-bottom:0;padding-top:var(--wp--preset--spacing--30);padding-right:var(--wp--preset--spacing--30);padding-bottom:var(--wp--preset--spacing--30);padding-left:var(--wp--preset--spacing--30)\">\n<figure class=\"wp-block-image size-full\"><img alt=\"\" decoding=\"async\" src=\"https:\/\/transfer-personal.com\/wp-content\/uploads\/2024\/08\/icon_08_aufzugsmontagen.svg\" class=\"wp-image-95\"\/><\/figure>\n\n\n\n<p class=\"has-contrast-2-color has-text-color has-link-color has-large-font-size wp-elements-2ab77eec87ab3dc48eb2a20039eadf72\" style=\"font-style:normal;font-weight:500\">Elevator Installation<\/p>\n\n\n\n<p class=\"has-medium-font-size\" style=\"font-style:normal;font-weight:500\">Quickly and safely to the top with TRANSFER.<\/p>\n\n\n\n<div class=\"wp-block-buttons margin-t-auto is-layout-flex wp-block-buttons-is-layout-flex\">\n<div class=\"wp-block-button is-style-inline-button margin-t-auto\"><a class=\"wp-block-button__link has-medium-font-size has-custom-font-size wp-element-button\" href=\"https:\/\/transfer-personal.com\/en\/unser-angebot\/aufzugsmontagen\/\">learn more<\/a><\/div>\n<\/div>\n<\/div>\n\n\n\n<div class=\"wp-block-group has-base-background-color has-background is-vertical is-layout-flex wp-container-core-group-is-layout-c617e58c wp-block-group-is-layout-flex\" style=\"margin-top:0;margin-bottom:0;padding-top:var(--wp--preset--spacing--30);padding-right:var(--wp--preset--spacing--30);padding-bottom:var(--wp--preset--spacing--30);padding-left:var(--wp--preset--spacing--30)\">\n<figure class=\"wp-block-image size-full is-resized\"><img alt=\"\" decoding=\"async\" src=\"https:\/\/transfer-personal.com\/wp-content\/uploads\/2025\/04\/Internationales-Recruiting.svg\" class=\"wp-image-4843\" style=\"width:auto;height:42px\"\/><\/figure>\n\n\n\n<p class=\"has-contrast-2-color has-text-color has-link-color has-large-font-size wp-elements-b5a55b43448936fb2b86a630fbacce79\" style=\"font-style:normal;font-weight:500\">International Recruiting<\/p>\n\n\n\n<p class=\"has-medium-font-size\" style=\"font-style:normal;font-weight:500\">Skilled workers from the EU and non-member countries.<\/p>\n\n\n\n<div class=\"wp-block-buttons margin-t-auto is-layout-flex wp-block-buttons-is-layout-flex\">\n<div class=\"wp-block-button is-style-inline-button margin-t-auto\"><a class=\"wp-block-button__link has-medium-font-size has-custom-font-size wp-element-button\" href=\"https:\/\/transfer-personal.com\/en\/unser-angebot\/internationales-recruiting\/\">learn more<\/a><\/div>\n<\/div>\n<\/div>\n<\/div>\n<\/div>\n\n\n\n<div class=\"wp-block-group alignfull has-base-2-background-color has-background has-global-padding is-layout-constrained wp-block-group-is-layout-constrained\" style=\"margin-top:0;margin-bottom:0;padding-top:var(--wp--preset--spacing--30);padding-bottom:var(--wp--preset--spacing--30)\">\n<div class=\"wp-block-group alignwide is-layout-grid wp-container-core-group-is-layout-eecfc9ee wp-block-group-is-layout-grid\">\n<div class=\"wp-block-group has-base-background-color has-background wp-container-content-90f760f5 has-global-padding is-layout-constrained wp-container-core-group-is-layout-754b99ff wp-block-group-is-layout-constrained\" style=\"margin-top:0;margin-bottom:0;padding-top:var(--wp--preset--spacing--40);padding-right:var(--wp--preset--spacing--40);padding-bottom:var(--wp--preset--spacing--40);padding-left:var(--wp--preset--spacing--40)\">\n<p class=\"has-contrast-2-color has-text-color has-link-color has-x-large-font-size wp-elements-c3cc03051a58c1e23bf79bc7f637f960\"><strong>In need of staff?<br>We are here for you!<\/strong><\/p>\n\n\n\n<p>In need of personnel or for further                                                                                                             <br>information and questions we are at <br>your disposal:<\/p>\n\n\n\n<div class=\"wp-block-buttons is-layout-flex wp-block-buttons-is-layout-flex\" style=\"margin-top:var(--wp--preset--spacing--30)\">\n<div class=\"wp-block-button\"><a class=\"wp-block-button__link has-accent-background-color has-background wp-element-button\" href=\"https:\/\/transfer-personal.com\/en\/personal-anfordern\/\">Request personnel<\/a><\/div>\n<\/div>\n<\/div>\n\n\n\n<div class=\"wp-block-group has-base-color has-contrast-2-background-color has-text-color has-background has-link-color wp-elements-9b8cdabf90c17b380c211a9c64f27ea0 wp-container-content-90f760f5 is-vertical is-layout-flex wp-container-core-group-is-layout-ade5d6f4 wp-block-group-is-layout-flex\" style=\"margin-top:0;margin-bottom:0;padding-top:var(--wp--preset--spacing--40);padding-right:var(--wp--preset--spacing--40);padding-bottom:var(--wp--preset--spacing--40);padding-left:var(--wp--preset--spacing--40)\">\n<p class=\"has-medium-font-size\">We are happy to answer any questions in advance -<br>about our offer, the next steps<br>or the costs.<\/p>\n\n\n\n<div class=\"wp-block-group has-global-padding is-layout-constrained wp-container-core-group-is-layout-19e250f3 wp-block-group-is-layout-constrained\">\n<p class=\"has-small-font-size\"><strong>TEL<\/strong><\/p>\n\n\n\n<div class=\"wp-block-group is-layout-flex wp-block-group-is-layout-flex\">\n<p class=\"has-x-large-font-size\"><a href=\"tel:066488\">0810 100 700<\/a><\/p>\n\n\n\n<p class=\"has-text-color has-link-color wp-elements-c0b73baf999784490c035df1e5cda511\" style=\"color:#cbcaca\">0.07\u20ac\/Min<\/p>\n<\/div>\n<\/div>\n\n\n\n<div class=\"wp-block-group has-global-padding is-layout-constrained wp-container-core-group-is-layout-19e250f3 wp-block-group-is-layout-constrained\">\n<p class=\"has-small-font-size\"><strong>E-MAIL<\/strong><\/p>\n\n\n\n<p class=\"has-x-large-font-size\"><a href=\"mailto:office@transfer.co.at\">office@transfer.co.at<\/a><\/p>\n<\/div>\n<\/div>\n<\/div>\n<\/div>","protected":false},"excerpt":{"rendered":"<p>Unser Angebot \u2014Personalvermittlung und Beratung Profitieren Sie von \u00fcber 30 Jahren Erfahrung und unseren speziell entwickelten Tools f\u00fcr eine pr\u00e4zise Personalsuche und -auswahl \u2013 von der Potentialanalyse bis zur Durchf\u00fchrung eines Assessment Centers. Nachhaltige Besetzung \u2013 passgenau und langfristig. Ein Arbeitsplatz ist mehr als nur ein Ort der Leistungserbringung \u2013 er wird von Menschen gepr\u00e4gt. [&hellip;]<\/p>","protected":false},"author":3,"featured_media":0,"parent":608,"menu_order":0,"comment_status":"closed","ping_status":"closed","template":"","meta":{"_acf_changed":false,"_seopress_robots_primary_cat":"","_seopress_titles_title":"","_seopress_titles_desc":"","_seopress_robots_index":"","footnotes":""},"class_list":["post-1579","page","type-page","status-publish","hentry"],"acf":[],"_links":{"self":[{"href":"https:\/\/transfer-personal.com\/en\/wp-json\/wp\/v2\/pages\/1579","targetHints":{"allow":["GET"]}}],"collection":[{"href":"https:\/\/transfer-personal.com\/en\/wp-json\/wp\/v2\/pages"}],"about":[{"href":"https:\/\/transfer-personal.com\/en\/wp-json\/wp\/v2\/types\/page"}],"author":[{"embeddable":true,"href":"https:\/\/transfer-personal.com\/en\/wp-json\/wp\/v2\/users\/3"}],"replies":[{"embeddable":true,"href":"https:\/\/transfer-personal.com\/en\/wp-json\/wp\/v2\/comments?post=1579"}],"version-history":[{"count":12,"href":"https:\/\/transfer-personal.com\/en\/wp-json\/wp\/v2\/pages\/1579\/revisions"}],"predecessor-version":[{"id":5016,"href":"https:\/\/transfer-personal.com\/en\/wp-json\/wp\/v2\/pages\/1579\/revisions\/5016"}],"up":[{"embeddable":true,"href":"https:\/\/transfer-personal.com\/en\/wp-json\/wp\/v2\/pages\/608"}],"wp:attachment":[{"href":"https:\/\/transfer-personal.com\/en\/wp-json\/wp\/v2\/media?parent=1579"}],"curies":[{"name":"wp","href":"https:\/\/api.w.org\/{rel}","templated":true}]}}