{"id":1559,"date":"2024-11-28T16:22:24","date_gmt":"2024-11-28T15:22:24","guid":{"rendered":"https:\/\/transfer-personal.com\/?page_id=1559"},"modified":"2025-05-23T09:15:54","modified_gmt":"2025-05-23T07:15:54","slug":"hospitality-event","status":"publish","type":"page","link":"https:\/\/transfer-personal.com\/en\/unsere-branchen\/hospitality-event\/","title":{"rendered":"Unsere Branchen &#8211; Hospitality &#038; Event"},"content":{"rendered":"<div class=\"wp-block-group alignfull has-global-padding is-layout-constrained wp-block-group-is-layout-constrained\">\n<div class=\"wp-block-media-text alignfull has-media-on-the-right is-stacked-on-mobile is-image-fill-element\" style=\"margin-top:0;margin-bottom:0;padding-top:0;padding-right:0;padding-bottom:0;padding-left:0\"><div class=\"wp-block-media-text__content\">\n<div class=\"wp-block-group has-global-padding is-layout-constrained wp-block-group-is-layout-constrained\" style=\"padding-top:var(--wp--preset--spacing--40);padding-bottom:var(--wp--preset--spacing--40)\">\n<h1 class=\"wp-block-heading has-accent-2-color has-text-color has-link-color has-x-large-font-size wp-elements-f4c3da702866597277a1a3bcfb45ebea\"><mark style=\"background-color:#E20427\" class=\"has-inline-color has-base-2-color\">Our Industries \u2013<\/mark><br><mark style=\"background-color:#E20427\" class=\"has-inline-color has-base-2-color\">Hospitality &#038; Event<\/mark><\/h1>\n\n\n\n<p>Flexible employees are indispensable in the catering, event and tourism industry. Nowhere else are seasonal fluctuations, order peaks and project business as prominent as here.<\/p>\n<\/div>\n<\/div><figure class=\"wp-block-media-text__media\"><img alt=\"\" loading=\"lazy\" decoding=\"async\" width=\"1024\" height=\"683\" src=\"https:\/\/transfer-personal.com\/wp-content\/uploads\/2025\/03\/BRANCHE-GASTRONOMIE-waitress-writing-while-chef-standing-kitchen-1024x683.jpg\" class=\"wp-image-4277 size-full\" style=\"object-position:50% 16%\" srcset=\"https:\/\/transfer-personal.com\/wp-content\/uploads\/2025\/03\/BRANCHE-GASTRONOMIE-waitress-writing-while-chef-standing-kitchen-1024x683.jpg 1024w, https:\/\/transfer-personal.com\/wp-content\/uploads\/2025\/03\/BRANCHE-GASTRONOMIE-waitress-writing-while-chef-standing-kitchen-300x200.jpg 300w, https:\/\/transfer-personal.com\/wp-content\/uploads\/2025\/03\/BRANCHE-GASTRONOMIE-waitress-writing-while-chef-standing-kitchen-768x512.jpg 768w, https:\/\/transfer-personal.com\/wp-content\/uploads\/2025\/03\/BRANCHE-GASTRONOMIE-waitress-writing-while-chef-standing-kitchen-18x12.jpg 18w, https:\/\/transfer-personal.com\/wp-content\/uploads\/2025\/03\/BRANCHE-GASTRONOMIE-waitress-writing-while-chef-standing-kitchen-380x253.jpg 380w, https:\/\/transfer-personal.com\/wp-content\/uploads\/2025\/03\/BRANCHE-GASTRONOMIE-waitress-writing-while-chef-standing-kitchen-420x280.jpg 420w, https:\/\/transfer-personal.com\/wp-content\/uploads\/2025\/03\/BRANCHE-GASTRONOMIE-waitress-writing-while-chef-standing-kitchen-680x453.jpg 680w, https:\/\/transfer-personal.com\/wp-content\/uploads\/2025\/03\/BRANCHE-GASTRONOMIE-waitress-writing-while-chef-standing-kitchen-980x653.jpg 980w, https:\/\/transfer-personal.com\/wp-content\/uploads\/2025\/03\/BRANCHE-GASTRONOMIE-waitress-writing-while-chef-standing-kitchen.jpg 1440w\" sizes=\"auto, (max-width: 1024px) 100vw, 1024px\" \/><\/figure><\/div>\n<\/div>\n\n\n\n<div class=\"wp-block-group alignfull has-base-2-background-color has-background has-global-padding is-layout-constrained wp-block-group-is-layout-constrained\" style=\"margin-top:0;margin-bottom:0;padding-top:var(--wp--preset--spacing--40);padding-bottom:var(--wp--preset--spacing--40)\">\n<div class=\"wp-block-columns alignwide is-layout-flex wp-container-core-columns-is-layout-7fc3d43a wp-block-columns-is-layout-flex\">\n<div class=\"wp-block-column is-layout-flow wp-block-column-is-layout-flow\" style=\"flex-basis:66.66%\">\n<h2 class=\"wp-block-heading has-accent-2-color has-text-color has-link-color wp-elements-a215bab9af5fa372f53e98312739dced\">Let's start the season.<\/h2>\n\n\n\n<p>TRANSFER provides you with experienced specialists who know the industry inside out thanks to their training and experience. You know how important it is to train them quickly and integrate them smoothly into existing teams. With TRANSFER, you only get flexible, reliable and communicative staff who complement your team perfectly. Thanks to our dense network of offices, we have the specialists you need right where you need them.<\/p>\n\n\n\n<p><strong>Extract from our qualification portfolio:<\/strong><\/p>\n\n\n\n<p><strong>Service Staff:<\/strong><\/p>\n\n\n\n<ul class=\"wp-block-list\">\n<li>Waiters \/ Waitresses<\/li>\n\n\n\n<li>Dishwashers<\/li>\n\n\n\n<li>Kitchen Assistants<\/li>\n\n\n\n<li>Chefs<\/li>\n\n\n\n<li>Bartenders<\/li>\n\n\n\n<li>etc. ...<\/li>\n<\/ul>\n\n\n\n<p><strong>Event Staff:<\/strong><\/p>\n\n\n\n<ul class=\"wp-block-list\">\n<li>Setup &amp; Teardown Staff<\/li>\n\n\n\n<li>Promotional Staff<\/li>\n\n\n\n<li>Security Staff<\/li>\n\n\n\n<li>Sound, Lighting, and Video Technicians<\/li>\n\n\n\n<li>Catering and Service Staff<\/li>\n\n\n\n<li>etc. ...<\/li>\n<\/ul>\n<\/div>\n<\/div>\n<\/div>\n\n\n\n<div class=\"wp-block-group alignwide has-global-padding is-layout-constrained wp-block-group-is-layout-constrained\" style=\"padding-top:var(--wp--preset--spacing--40);padding-bottom:var(--wp--preset--spacing--40)\">\n<div class=\"wp-block-group alignwide has-global-padding is-layout-constrained wp-block-group-is-layout-constrained\">\n<div class=\"wp-block-group alignwide has-base-2-background-color has-background is-content-justification-space-between is-nowrap is-layout-flex wp-container-core-group-is-layout-9d768b58 wp-block-group-is-layout-flex\" style=\"margin-top:var(--wp--preset--spacing--20);margin-bottom:var(--wp--preset--spacing--20);padding-top:var(--wp--preset--spacing--20);padding-right:var(--wp--preset--spacing--20);padding-bottom:var(--wp--preset--spacing--20);padding-left:var(--wp--preset--spacing--20)\">\n<p class=\"has-medium-font-size\">Industrial Sector, Trades, Craft Trades, Construction <\/p>\n\n\n\n<div class=\"wp-block-buttons is-layout-flex wp-block-buttons-is-layout-flex\">\n<div class=\"wp-block-button is-style-inline-button\"><a class=\"wp-block-button__link has-small-font-size has-custom-font-size wp-element-button\" href=\"https:\/\/transfer-personal.com\/en\/unsere-branchen\/industrie-gewerbe-handwerk-bau\/\">learn more<\/a><\/div>\n<\/div>\n<\/div>\n\n\n\n<div class=\"wp-block-group alignwide has-base-2-background-color has-background is-content-justification-space-between is-nowrap is-layout-flex wp-container-core-group-is-layout-9d768b58 wp-block-group-is-layout-flex\" style=\"margin-top:var(--wp--preset--spacing--20);margin-bottom:var(--wp--preset--spacing--20);padding-top:var(--wp--preset--spacing--20);padding-right:var(--wp--preset--spacing--20);padding-bottom:var(--wp--preset--spacing--20);padding-left:var(--wp--preset--spacing--20)\">\n<p class=\"has-medium-font-size\">Office, Finance, Sales <\/p>\n\n\n\n<div class=\"wp-block-buttons is-layout-flex wp-block-buttons-is-layout-flex\">\n<div class=\"wp-block-button is-style-inline-button\"><a class=\"wp-block-button__link has-small-font-size has-custom-font-size wp-element-button\" href=\"https:\/\/transfer-personal.com\/en\/unsere-branchen\/buro-finanz-verkauf\/\">learn more<\/a><\/div>\n<\/div>\n<\/div>\n\n\n\n<div class=\"wp-block-group alignwide has-base-2-background-color has-background is-content-justification-space-between is-nowrap is-layout-flex wp-container-core-group-is-layout-9d768b58 wp-block-group-is-layout-flex\" style=\"margin-top:var(--wp--preset--spacing--20);margin-bottom:var(--wp--preset--spacing--20);padding-top:var(--wp--preset--spacing--20);padding-right:var(--wp--preset--spacing--20);padding-bottom:var(--wp--preset--spacing--20);padding-left:var(--wp--preset--spacing--20)\">\n<p class=\"has-medium-font-size\">Commerce \/ Retail <\/p>\n\n\n\n<div class=\"wp-block-buttons is-layout-flex wp-block-buttons-is-layout-flex\">\n<div class=\"wp-block-button is-style-inline-button\"><a class=\"wp-block-button__link has-small-font-size has-custom-font-size wp-element-button\" href=\"https:\/\/transfer-personal.com\/en\/unsere-branchen\/handel\/\">learn more<\/a><\/div>\n<\/div>\n<\/div>\n\n\n\n<div class=\"wp-block-group alignwide has-base-2-background-color has-background is-content-justification-space-between is-nowrap is-layout-flex wp-container-core-group-is-layout-9d768b58 wp-block-group-is-layout-flex\" style=\"margin-top:var(--wp--preset--spacing--20);margin-bottom:var(--wp--preset--spacing--20);padding-top:var(--wp--preset--spacing--20);padding-right:var(--wp--preset--spacing--20);padding-bottom:var(--wp--preset--spacing--20);padding-left:var(--wp--preset--spacing--20)\">\n<p class=\"has-medium-font-size\">Automotive <\/p>\n\n\n\n<div class=\"wp-block-buttons is-layout-flex wp-block-buttons-is-layout-flex\">\n<div class=\"wp-block-button is-style-inline-button\"><a class=\"wp-block-button__link has-small-font-size has-custom-font-size wp-element-button\" href=\"https:\/\/transfer-personal.com\/en\/unsere-branchen\/automotive\/\">learn more<\/a><\/div>\n<\/div>\n<\/div>\n\n\n\n<div class=\"wp-block-group alignwide has-base-2-background-color has-background is-content-justification-space-between is-nowrap is-layout-flex wp-container-core-group-is-layout-9d768b58 wp-block-group-is-layout-flex\" style=\"margin-top:var(--wp--preset--spacing--20);margin-bottom:var(--wp--preset--spacing--20);padding-top:var(--wp--preset--spacing--20);padding-right:var(--wp--preset--spacing--20);padding-bottom:var(--wp--preset--spacing--20);padding-left:var(--wp--preset--spacing--20)\">\n<p class=\"has-medium-font-size\">Technics <\/p>\n\n\n\n<div class=\"wp-block-buttons is-layout-flex wp-block-buttons-is-layout-flex\">\n<div class=\"wp-block-button is-style-inline-button\"><a class=\"wp-block-button__link has-small-font-size has-custom-font-size wp-element-button\" href=\"https:\/\/transfer-personal.com\/en\/unsere-branchen\/technik\/\">learn more<\/a><\/div>\n<\/div>\n<\/div>\n\n\n\n<div class=\"wp-block-group alignwide has-base-2-background-color has-background is-content-justification-space-between is-nowrap is-layout-flex wp-container-core-group-is-layout-9d768b58 wp-block-group-is-layout-flex\" style=\"margin-top:var(--wp--preset--spacing--20);margin-bottom:var(--wp--preset--spacing--20);padding-top:var(--wp--preset--spacing--20);padding-right:var(--wp--preset--spacing--20);padding-bottom:var(--wp--preset--spacing--20);padding-left:var(--wp--preset--spacing--20)\">\n<p class=\"has-medium-font-size\">IT<\/p>\n\n\n\n<div class=\"wp-block-buttons is-layout-flex wp-block-buttons-is-layout-flex\">\n<div class=\"wp-block-button is-style-inline-button\"><a class=\"wp-block-button__link has-small-font-size has-custom-font-size wp-element-button\" href=\"https:\/\/transfer-personal.com\/en\/unsere-branchen\/it\/\">learn more<\/a><\/div>\n<\/div>\n<\/div>\n\n\n\n<div class=\"wp-block-group alignwide has-base-2-background-color has-background is-content-justification-space-between is-nowrap is-layout-flex wp-container-core-group-is-layout-9d768b58 wp-block-group-is-layout-flex\" style=\"margin-top:var(--wp--preset--spacing--20);margin-bottom:var(--wp--preset--spacing--20);padding-top:var(--wp--preset--spacing--20);padding-right:var(--wp--preset--spacing--20);padding-bottom:var(--wp--preset--spacing--20);padding-left:var(--wp--preset--spacing--20)\">\n<p class=\"has-medium-font-size\">Hospitality &amp; Event<\/p>\n\n\n\n<div class=\"wp-block-buttons is-layout-flex wp-block-buttons-is-layout-flex\">\n<div class=\"wp-block-button is-style-inline-button\"><a class=\"wp-block-button__link has-small-font-size has-custom-font-size wp-element-button\" href=\"https:\/\/transfer-personal.com\/en\/unsere-branchen\/hospitality-event\/\">learn more<\/a><\/div>\n<\/div>\n<\/div>\n<\/div>\n<\/div>\n\n\n\n<div class=\"wp-block-group alignfull has-base-2-background-color has-background has-global-padding is-layout-constrained wp-block-group-is-layout-constrained\" style=\"margin-top:0;margin-bottom:0;padding-top:var(--wp--preset--spacing--50);padding-bottom:var(--wp--preset--spacing--50)\">\n<div class=\"wp-block-group alignwide is-layout-grid wp-container-core-group-is-layout-eecfc9ee wp-block-group-is-layout-grid\">\n<div class=\"wp-block-group has-base-background-color has-background wp-container-content-90f760f5 has-global-padding is-layout-constrained wp-container-core-group-is-layout-754b99ff wp-block-group-is-layout-constrained\" style=\"margin-top:0;margin-bottom:0;padding-top:var(--wp--preset--spacing--40);padding-right:var(--wp--preset--spacing--40);padding-bottom:var(--wp--preset--spacing--40);padding-left:var(--wp--preset--spacing--40)\">\n<p class=\"has-contrast-2-color has-text-color has-link-color has-x-large-font-size wp-elements-c3cc03051a58c1e23bf79bc7f637f960\"><strong>In need of staff?<br>We are here for you!<\/strong><\/p>\n\n\n\n<p>In need of personnel or for further                                                                                                             <br>information and questions we are at <br>your disposal:<\/p>\n\n\n\n<div class=\"wp-block-buttons is-layout-flex wp-block-buttons-is-layout-flex\" style=\"margin-top:var(--wp--preset--spacing--30)\">\n<div class=\"wp-block-button\"><a class=\"wp-block-button__link has-accent-background-color has-background wp-element-button\" href=\"https:\/\/transfer-personal.com\/en\/personal-anfordern\/\">Request personnel<\/a><\/div>\n<\/div>\n<\/div>\n\n\n\n<div class=\"wp-block-group has-base-color has-contrast-2-background-color has-text-color has-background has-link-color wp-elements-9b8cdabf90c17b380c211a9c64f27ea0 wp-container-content-90f760f5 is-vertical is-layout-flex wp-container-core-group-is-layout-ade5d6f4 wp-block-group-is-layout-flex\" style=\"margin-top:0;margin-bottom:0;padding-top:var(--wp--preset--spacing--40);padding-right:var(--wp--preset--spacing--40);padding-bottom:var(--wp--preset--spacing--40);padding-left:var(--wp--preset--spacing--40)\">\n<p class=\"has-medium-font-size\">We are happy to answer any questions in advance -<br>about our offer, the next steps<br>or the costs.<\/p>\n\n\n\n<div class=\"wp-block-group has-global-padding is-layout-constrained wp-container-core-group-is-layout-19e250f3 wp-block-group-is-layout-constrained\">\n<p class=\"has-small-font-size\"><strong>TEL<\/strong><\/p>\n\n\n\n<div class=\"wp-block-group is-layout-flex wp-block-group-is-layout-flex\">\n<p class=\"has-x-large-font-size\"><a href=\"tel:066488\">0810 100 700<\/a><\/p>\n\n\n\n<p class=\"has-text-color has-link-color wp-elements-c0b73baf999784490c035df1e5cda511\" style=\"color:#cbcaca\">0.07\u20ac\/Min<\/p>\n<\/div>\n<\/div>\n\n\n\n<div class=\"wp-block-group has-global-padding is-layout-constrained wp-container-core-group-is-layout-19e250f3 wp-block-group-is-layout-constrained\">\n<p class=\"has-small-font-size\"><strong>E-MAIL<\/strong><\/p>\n\n\n\n<p class=\"has-x-large-font-size\"><a href=\"mailto:office@transfer.co.at\">office@transfer.co.at<\/a><\/p>\n<\/div>\n<\/div>\n<\/div>\n<\/div>","protected":false},"excerpt":{"rendered":"<p>Unsere Branchen &#8211;Hospitality &#038; Event In der Gastronomie-, Event- und Tourismusbranche sind flexible MitarbeiterInnen unverzichtbar. Nirgendwo sonst sind saisonale Schwankungen, Auftragsspitzen und das Projektgesch\u00e4ft so pr\u00e4gnant wie hier. Die Saison kann kommen. TRANSFER stellt Ihnen erfahrene Fachkr\u00e4fte zur Verf\u00fcgung, die sich durch ihre Ausbildung und Erfahrung bestens in der Branche auskennen. Sie wissen, wie wichtig [&hellip;]<\/p>","protected":false},"author":3,"featured_media":0,"parent":616,"menu_order":0,"comment_status":"closed","ping_status":"closed","template":"","meta":{"_acf_changed":false,"_seopress_robots_primary_cat":"","_seopress_titles_title":"","_seopress_titles_desc":"","_seopress_robots_index":"","footnotes":""},"class_list":["post-1559","page","type-page","status-publish","hentry"],"acf":[],"_links":{"self":[{"href":"https:\/\/transfer-personal.com\/en\/wp-json\/wp\/v2\/pages\/1559","targetHints":{"allow":["GET"]}}],"collection":[{"href":"https:\/\/transfer-personal.com\/en\/wp-json\/wp\/v2\/pages"}],"about":[{"href":"https:\/\/transfer-personal.com\/en\/wp-json\/wp\/v2\/types\/page"}],"author":[{"embeddable":true,"href":"https:\/\/transfer-personal.com\/en\/wp-json\/wp\/v2\/users\/3"}],"replies":[{"embeddable":true,"href":"https:\/\/transfer-personal.com\/en\/wp-json\/wp\/v2\/comments?post=1559"}],"version-history":[{"count":9,"href":"https:\/\/transfer-personal.com\/en\/wp-json\/wp\/v2\/pages\/1559\/revisions"}],"predecessor-version":[{"id":4782,"href":"https:\/\/transfer-personal.com\/en\/wp-json\/wp\/v2\/pages\/1559\/revisions\/4782"}],"up":[{"embeddable":true,"href":"https:\/\/transfer-personal.com\/en\/wp-json\/wp\/v2\/pages\/616"}],"wp:attachment":[{"href":"https:\/\/transfer-personal.com\/en\/wp-json\/wp\/v2\/media?parent=1559"}],"curies":[{"name":"wp","href":"https:\/\/api.w.org\/{rel}","templated":true}]}}