{"id":1557,"date":"2024-11-28T16:19:15","date_gmt":"2024-11-28T15:19:15","guid":{"rendered":"https:\/\/transfer-personal.com\/?page_id=1557"},"modified":"2025-05-23T09:16:38","modified_gmt":"2025-05-23T07:16:38","slug":"medizin","status":"publish","type":"page","link":"https:\/\/transfer-personal.com\/en\/unsere-branchen\/medizin\/","title":{"rendered":"Unsere Branchen &#8211; Medizin"},"content":{"rendered":"<div class=\"wp-block-group alignfull has-global-padding is-layout-constrained wp-block-group-is-layout-constrained\">\n<div class=\"wp-block-media-text alignfull has-media-on-the-right is-stacked-on-mobile is-image-fill-element\" style=\"margin-top:0;margin-bottom:0;padding-top:0;padding-right:0;padding-bottom:0;padding-left:0\"><div class=\"wp-block-media-text__content\">\n<div class=\"wp-block-group has-global-padding is-layout-constrained wp-block-group-is-layout-constrained\" style=\"padding-top:var(--wp--preset--spacing--40);padding-bottom:var(--wp--preset--spacing--40)\">\n<h1 class=\"wp-block-heading has-accent-2-color has-text-color has-link-color has-x-large-font-size wp-elements-b35f36450ca9f4a54c08b7121c2c97a8\"><mark style=\"background-color:#E20427\" class=\"has-inline-color has-base-2-color\">Our Industries \u2013<\/mark><br><mark style=\"background-color:#E20427\" class=\"has-inline-color has-base-2-color\">Medizin<\/mark><\/h1>\n\n\n\n<p>Personalengp\u00e4sse im medizinischen Bereich sind besonders kritisch, da es um die Versorgung von Menschen geht. Deshalb erfordert die Bereitstellung von Fachpersonal in diesem Sektor eine besondere Sensibilit\u00e4t und kann nicht mit anderen wirtschaftlichen Bereichen verglichen werden.<\/p>\n<\/div>\n<\/div><figure class=\"wp-block-media-text__media\"><img alt=\"\" decoding=\"async\" src=\"https:\/\/transfer-personal.com\/wp-content\/uploads\/2024\/11\/medium-shot-nurses-with-face-masks-1024x683.jpg\" class=\"wp-image-1566 size-full\" style=\"object-position:50% 4%\"\/><\/figure><\/div>\n<\/div>\n\n\n\n<div class=\"wp-block-group alignfull has-base-2-background-color has-background has-global-padding is-layout-constrained wp-block-group-is-layout-constrained\" style=\"margin-top:0;margin-bottom:0;padding-top:var(--wp--preset--spacing--40);padding-bottom:var(--wp--preset--spacing--40)\">\n<div class=\"wp-block-columns alignwide is-layout-flex wp-container-core-columns-is-layout-7fc3d43a wp-block-columns-is-layout-flex\">\n<div class=\"wp-block-column is-layout-flow wp-block-column-is-layout-flow\" style=\"flex-basis:66.66%\">\n<h2 class=\"wp-block-heading has-accent-2-color has-text-color has-link-color wp-elements-bcb160c389d45465f7441908686b401b\">Pflegestandards sensibel sichern.<\/h2>\n\n\n\n<p>Neben der klassischen Dienstleistung eines Personaldienstleisters ist hier besonders einf\u00fchlsames Handeln gefragt. Ob es um die kurzfristige \u00dcberbr\u00fcckung von Arbeits\u00fcberh\u00e4ngen geht, um den Aufbau flexibler Arbeitskr\u00e4ftepools oder um die Bereitstellung von Dauerpersonal \u2013 wir erarbeiten gemeinsam mit Ihnen eine passgenaue L\u00f6sung.<\/p>\n\n\n\n<p>In Kooperation mit unserem Partner, bieten wir Ihnen die M\u00f6glichkeit, MitarbeiterInnen gem\u00e4\u00df Ihrem Anforderungsprofil auszubilden. Diese Ausbildungen werden gef\u00f6rdert und stellen eine kosteng\u00fcnstige Alternative dar. Im vergangenen Jahr konnten wir beispielsweise mehr als 100 neue Heim- und PflegehelferInnen ausbilden. Wir \u00fcbernehmen selbstverst\u00e4ndlich die komplette Koordination der Ausbildung f\u00fcr Sie.<\/p>\n\n\n\n<p><strong>Extract from our qualification portfolio:<\/strong><\/p>\n\n\n\n<ul class=\"wp-block-list\">\n<li>Heim- und PflegehelferInnen<\/li>\n\n\n\n<li>Krankenschwester und Pfleger<\/li>\n\n\n\n<li>AbteilungshelferInnen<\/li>\n\n\n\n<li>PhysiotherapeutInnen<\/li>\n\n\n\n<li>ErgotherapeutInnen<\/li>\n\n\n\n<li>Logop\u00e4dInnen<\/li>\n\n\n\n<li>Reinigungskr\u00e4fte<\/li>\n\n\n\n<li>etc. ...<\/li>\n<\/ul>\n<\/div>\n<\/div>\n<\/div>\n\n\n\n<div class=\"wp-block-group alignwide has-global-padding is-layout-constrained wp-block-group-is-layout-constrained\" style=\"padding-top:var(--wp--preset--spacing--40);padding-bottom:var(--wp--preset--spacing--40)\">\n<div class=\"wp-block-group alignwide has-global-padding is-layout-constrained wp-block-group-is-layout-constrained\">\n<div class=\"wp-block-group alignwide has-base-2-background-color has-background is-content-justification-space-between is-nowrap is-layout-flex wp-container-core-group-is-layout-9d768b58 wp-block-group-is-layout-flex\" style=\"margin-top:var(--wp--preset--spacing--20);margin-bottom:var(--wp--preset--spacing--20);padding-top:var(--wp--preset--spacing--20);padding-right:var(--wp--preset--spacing--20);padding-bottom:var(--wp--preset--spacing--20);padding-left:var(--wp--preset--spacing--20)\">\n<p class=\"has-medium-font-size\">Industrial Sector, Trades, Craft Trades, Construction <\/p>\n\n\n\n<div class=\"wp-block-buttons is-layout-flex wp-block-buttons-is-layout-flex\">\n<div class=\"wp-block-button is-style-inline-button\"><a class=\"wp-block-button__link has-small-font-size has-custom-font-size wp-element-button\" href=\"https:\/\/transfer-personal.com\/en\/unsere-branchen\/industrie-gewerbe-handwerk-bau\/\">learn more<\/a><\/div>\n<\/div>\n<\/div>\n\n\n\n<div class=\"wp-block-group alignwide has-base-2-background-color has-background is-content-justification-space-between is-nowrap is-layout-flex wp-container-core-group-is-layout-9d768b58 wp-block-group-is-layout-flex\" style=\"margin-top:var(--wp--preset--spacing--20);margin-bottom:var(--wp--preset--spacing--20);padding-top:var(--wp--preset--spacing--20);padding-right:var(--wp--preset--spacing--20);padding-bottom:var(--wp--preset--spacing--20);padding-left:var(--wp--preset--spacing--20)\">\n<p class=\"has-medium-font-size\">Office, Finance, Sales <\/p>\n\n\n\n<div class=\"wp-block-buttons is-layout-flex wp-block-buttons-is-layout-flex\">\n<div class=\"wp-block-button is-style-inline-button\"><a class=\"wp-block-button__link has-small-font-size has-custom-font-size wp-element-button\" href=\"https:\/\/transfer-personal.com\/en\/unsere-branchen\/buro-finanz-verkauf\/\">learn more<\/a><\/div>\n<\/div>\n<\/div>\n\n\n\n<div class=\"wp-block-group alignwide has-base-2-background-color has-background is-content-justification-space-between is-nowrap is-layout-flex wp-container-core-group-is-layout-9d768b58 wp-block-group-is-layout-flex\" style=\"margin-top:var(--wp--preset--spacing--20);margin-bottom:var(--wp--preset--spacing--20);padding-top:var(--wp--preset--spacing--20);padding-right:var(--wp--preset--spacing--20);padding-bottom:var(--wp--preset--spacing--20);padding-left:var(--wp--preset--spacing--20)\">\n<p class=\"has-medium-font-size\">Commerce \/ Retail <\/p>\n\n\n\n<div class=\"wp-block-buttons is-layout-flex wp-block-buttons-is-layout-flex\">\n<div class=\"wp-block-button is-style-inline-button\"><a class=\"wp-block-button__link has-small-font-size has-custom-font-size wp-element-button\" href=\"https:\/\/transfer-personal.com\/en\/unsere-branchen\/handel\/\">learn more<\/a><\/div>\n<\/div>\n<\/div>\n\n\n\n<div class=\"wp-block-group alignwide has-base-2-background-color has-background is-content-justification-space-between is-nowrap is-layout-flex wp-container-core-group-is-layout-9d768b58 wp-block-group-is-layout-flex\" style=\"margin-top:var(--wp--preset--spacing--20);margin-bottom:var(--wp--preset--spacing--20);padding-top:var(--wp--preset--spacing--20);padding-right:var(--wp--preset--spacing--20);padding-bottom:var(--wp--preset--spacing--20);padding-left:var(--wp--preset--spacing--20)\">\n<p class=\"has-medium-font-size\">Automotive <\/p>\n\n\n\n<div class=\"wp-block-buttons is-layout-flex wp-block-buttons-is-layout-flex\">\n<div class=\"wp-block-button is-style-inline-button\"><a class=\"wp-block-button__link has-small-font-size has-custom-font-size wp-element-button\" href=\"https:\/\/transfer-personal.com\/en\/unsere-branchen\/automotive\/\">learn more<\/a><\/div>\n<\/div>\n<\/div>\n\n\n\n<div class=\"wp-block-group alignwide has-base-2-background-color has-background is-content-justification-space-between is-nowrap is-layout-flex wp-container-core-group-is-layout-9d768b58 wp-block-group-is-layout-flex\" style=\"margin-top:var(--wp--preset--spacing--20);margin-bottom:var(--wp--preset--spacing--20);padding-top:var(--wp--preset--spacing--20);padding-right:var(--wp--preset--spacing--20);padding-bottom:var(--wp--preset--spacing--20);padding-left:var(--wp--preset--spacing--20)\">\n<p class=\"has-medium-font-size\">Technics <\/p>\n\n\n\n<div class=\"wp-block-buttons is-layout-flex wp-block-buttons-is-layout-flex\">\n<div class=\"wp-block-button is-style-inline-button\"><a class=\"wp-block-button__link has-small-font-size has-custom-font-size wp-element-button\" href=\"https:\/\/transfer-personal.com\/en\/unsere-branchen\/technik\/\">learn more<\/a><\/div>\n<\/div>\n<\/div>\n\n\n\n<div class=\"wp-block-group alignwide has-base-2-background-color has-background is-content-justification-space-between is-nowrap is-layout-flex wp-container-core-group-is-layout-9d768b58 wp-block-group-is-layout-flex\" style=\"margin-top:var(--wp--preset--spacing--20);margin-bottom:var(--wp--preset--spacing--20);padding-top:var(--wp--preset--spacing--20);padding-right:var(--wp--preset--spacing--20);padding-bottom:var(--wp--preset--spacing--20);padding-left:var(--wp--preset--spacing--20)\">\n<p class=\"has-medium-font-size\">IT<\/p>\n\n\n\n<div class=\"wp-block-buttons is-layout-flex wp-block-buttons-is-layout-flex\">\n<div class=\"wp-block-button is-style-inline-button\"><a class=\"wp-block-button__link has-small-font-size has-custom-font-size wp-element-button\" href=\"https:\/\/transfer-personal.com\/en\/unsere-branchen\/it\/\">learn more<\/a><\/div>\n<\/div>\n<\/div>\n\n\n\n<div class=\"wp-block-group alignwide has-base-2-background-color has-background is-content-justification-space-between is-nowrap is-layout-flex wp-container-core-group-is-layout-9d768b58 wp-block-group-is-layout-flex\" style=\"margin-top:var(--wp--preset--spacing--20);margin-bottom:var(--wp--preset--spacing--20);padding-top:var(--wp--preset--spacing--20);padding-right:var(--wp--preset--spacing--20);padding-bottom:var(--wp--preset--spacing--20);padding-left:var(--wp--preset--spacing--20)\">\n<p class=\"has-medium-font-size\">Hospitality &amp; Event<\/p>\n\n\n\n<div class=\"wp-block-buttons is-layout-flex wp-block-buttons-is-layout-flex\">\n<div class=\"wp-block-button is-style-inline-button\"><a class=\"wp-block-button__link has-small-font-size has-custom-font-size wp-element-button\" href=\"https:\/\/transfer-personal.com\/en\/unsere-branchen\/hospitality-event\/\">learn more<\/a><\/div>\n<\/div>\n<\/div>\n<\/div>\n<\/div>\n\n\n\n<div class=\"wp-block-group alignfull has-base-2-background-color has-background has-global-padding is-layout-constrained wp-block-group-is-layout-constrained\" style=\"margin-top:0;margin-bottom:0;padding-top:var(--wp--preset--spacing--50);padding-bottom:var(--wp--preset--spacing--50)\">\n<div class=\"wp-block-group alignwide is-layout-grid wp-container-core-group-is-layout-eecfc9ee wp-block-group-is-layout-grid\">\n<div class=\"wp-block-group has-base-background-color has-background wp-container-content-90f760f5 has-global-padding is-layout-constrained wp-container-core-group-is-layout-754b99ff wp-block-group-is-layout-constrained\" style=\"margin-top:0;margin-bottom:0;padding-top:var(--wp--preset--spacing--40);padding-right:var(--wp--preset--spacing--40);padding-bottom:var(--wp--preset--spacing--40);padding-left:var(--wp--preset--spacing--40)\">\n<p class=\"has-contrast-2-color has-text-color has-link-color has-x-large-font-size wp-elements-c3cc03051a58c1e23bf79bc7f637f960\"><strong>In need of staff?<br>We are here for you!<\/strong><\/p>\n\n\n\n<p>In need of personnel or for further                                                                                                             <br>information and questions we are at <br>your disposal:<\/p>\n\n\n\n<div class=\"wp-block-buttons is-layout-flex wp-block-buttons-is-layout-flex\" style=\"margin-top:var(--wp--preset--spacing--30)\">\n<div class=\"wp-block-button\"><a class=\"wp-block-button__link has-accent-background-color has-background wp-element-button\" href=\"https:\/\/transfer-personal.com\/en\/personal-anfordern\/\">Request personnel<\/a><\/div>\n<\/div>\n<\/div>\n\n\n\n<div class=\"wp-block-group has-base-color has-contrast-2-background-color has-text-color has-background has-link-color wp-elements-9b8cdabf90c17b380c211a9c64f27ea0 wp-container-content-90f760f5 is-vertical is-layout-flex wp-container-core-group-is-layout-ade5d6f4 wp-block-group-is-layout-flex\" style=\"margin-top:0;margin-bottom:0;padding-top:var(--wp--preset--spacing--40);padding-right:var(--wp--preset--spacing--40);padding-bottom:var(--wp--preset--spacing--40);padding-left:var(--wp--preset--spacing--40)\">\n<p class=\"has-medium-font-size\">We are happy to answer any questions in advance -<br>about our offer, the next steps<br>or the costs.<\/p>\n\n\n\n<div class=\"wp-block-group has-global-padding is-layout-constrained wp-container-core-group-is-layout-19e250f3 wp-block-group-is-layout-constrained\">\n<p class=\"has-small-font-size\"><strong>TEL<\/strong><\/p>\n\n\n\n<div class=\"wp-block-group is-layout-flex wp-block-group-is-layout-flex\">\n<p class=\"has-x-large-font-size\"><a href=\"tel:066488\">0810 100 700<\/a><\/p>\n\n\n\n<p class=\"has-text-color has-link-color wp-elements-c0b73baf999784490c035df1e5cda511\" style=\"color:#cbcaca\">0.07\u20ac\/Min<\/p>\n<\/div>\n<\/div>\n\n\n\n<div class=\"wp-block-group has-global-padding is-layout-constrained wp-container-core-group-is-layout-19e250f3 wp-block-group-is-layout-constrained\">\n<p class=\"has-small-font-size\"><strong>E-MAIL<\/strong><\/p>\n\n\n\n<p class=\"has-x-large-font-size\"><a href=\"mailto:office@transfer.co.at\">office@transfer.co.at<\/a><\/p>\n<\/div>\n<\/div>\n<\/div>\n<\/div>","protected":false},"excerpt":{"rendered":"<p>Unsere Branchen &#8211;Medizin Personalengp\u00e4sse im medizinischen Bereich sind besonders kritisch, da es um die Versorgung von Menschen geht. Deshalb erfordert die Bereitstellung von Fachpersonal in diesem Sektor eine besondere Sensibilit\u00e4t und kann nicht mit anderen wirtschaftlichen Bereichen verglichen werden. Pflegestandards sensibel sichern. Neben der klassischen Dienstleistung eines Personaldienstleisters ist hier besonders einf\u00fchlsames Handeln gefragt. Ob [&hellip;]<\/p>","protected":false},"author":3,"featured_media":0,"parent":616,"menu_order":0,"comment_status":"closed","ping_status":"closed","template":"","meta":{"_acf_changed":false,"_seopress_robots_primary_cat":"","_seopress_titles_title":"","_seopress_titles_desc":"","_seopress_robots_index":"","footnotes":""},"class_list":["post-1557","page","type-page","status-publish","hentry"],"acf":[],"_links":{"self":[{"href":"https:\/\/transfer-personal.com\/en\/wp-json\/wp\/v2\/pages\/1557","targetHints":{"allow":["GET"]}}],"collection":[{"href":"https:\/\/transfer-personal.com\/en\/wp-json\/wp\/v2\/pages"}],"about":[{"href":"https:\/\/transfer-personal.com\/en\/wp-json\/wp\/v2\/types\/page"}],"author":[{"embeddable":true,"href":"https:\/\/transfer-personal.com\/en\/wp-json\/wp\/v2\/users\/3"}],"replies":[{"embeddable":true,"href":"https:\/\/transfer-personal.com\/en\/wp-json\/wp\/v2\/comments?post=1557"}],"version-history":[{"count":11,"href":"https:\/\/transfer-personal.com\/en\/wp-json\/wp\/v2\/pages\/1557\/revisions"}],"predecessor-version":[{"id":4784,"href":"https:\/\/transfer-personal.com\/en\/wp-json\/wp\/v2\/pages\/1557\/revisions\/4784"}],"up":[{"embeddable":true,"href":"https:\/\/transfer-personal.com\/en\/wp-json\/wp\/v2\/pages\/616"}],"wp:attachment":[{"href":"https:\/\/transfer-personal.com\/en\/wp-json\/wp\/v2\/media?parent=1557"}],"curies":[{"name":"wp","href":"https:\/\/api.w.org\/{rel}","templated":true}]}}